{"id":948,"date":"2020-02-23T14:27:29","date_gmt":"2020-02-23T13:27:29","guid":{"rendered":"http:\/\/zkn-verein.de\/%d9%85%d8%b9%d9%84%d9%88%d9%85%d8%a7%d8%aa-%d8%b9%d8%a7%d9%85%d8%a9-3\/"},"modified":"2020-02-23T14:27:29","modified_gmt":"2020-02-23T13:27:29","slug":"allgemeines-3-2","status":"publish","type":"page","link":"https:\/\/zkn-verein.de\/en\/allgemeines-3-2\/","title":{"rendered":"\u0645\u0639\u0644\u0648\u0645\u0627\u062a \u0639\u0627\u0645\u0629"},"content":{"rendered":"\n<h1 class=\"has-vivid-red-color has-text-color wp-block-heading\">\u0627\u0644\u0635\u062d\u0629<\/h1>\n\n\n\n<p class=\"has-text-align-right has-medium-font-size\">\u2013 \u062a\u0642\u0648\u0645 \u0645\u0624\u0633\u0633\u0629 \u0645\u0639\u0627 \u0644\u0644\u0623\u0637\u0641\u0627\u0644 \u0627\u0644\u0623\u0644\u0645\u0627\u0646\u064a\u0629 \u0644\u0644\u0625\u063a\u0627\u062b\u0629 \u0648\u0627\u0644\u062a\u0646\u0645\u064a\u0629 \u0628\u062a\u0648\u0641\u064a\u0631 \u0627\u0644\u0631\u0639\u0627\u064a\u0629 \u0627\u0644\u0637\u0628\u064a\u0629 \u0648\u0627\u0644\u0645\u0633\u0627\u0639\u062f\u0629 \u0644\u0644\u0623\u0637\u0641\u0627\u0644 \u0627\u0644\u0645\u0631\u0636\u0649 \u0648\u0627\u0644\u0645\u062d\u062a\u0627\u062c\u064a\u0646 . \u0648\u0623\u064a\u0636\u0627 \u062a\u0642\u062f\u064a\u0645 \u0627\u0644\u062f\u0639\u0645 \u0627\u0644\u0637\u0628\u064a \u0627\u0644\u0644\u0627\u0632\u0645 \u0623\u062b\u0646\u0627\u0621 \u0627\u0644\u062d\u0631\u0648\u0628 \u0648\u0627\u0644\u0646\u0632\u0627\u0639\u0627\u062a \u0648\u0627\u0644\u0643\u0648\u0627\u0631\u062b .<\/p>\n\n\n\n<p class=\"has-text-align-right has-medium-font-size\">\u2013 \u0643\u0630\u0644\u0643 \u062f\u0639\u0645 \u0627\u0644\u0648\u062d\u062f\u0627\u062a \u0627\u0644\u0645\u0631\u0627\u0643\u0632 \u0627\u0644\u0635\u062d\u064a\u0629 \u0628\u0627\u0644\u0639\u0644\u0627\u062c\u0627\u062a \u0648\u0627\u0644\u0645\u0633\u062a\u0644\u0632\u0645\u0627\u062a \u0627\u0644\u0637\u0628\u064a\u0629 \u0627\u0644\u0644\u0627\u0632\u0645\u0629. \u0648\u0627\u0644\u0645\u0633\u0627\u0639\u062f\u0629 \u0641\u064a \u062a\u0648\u0641\u064a\u0631 \u0627\u0644\u0623\u062f\u0648\u064a\u0629 \u0644\u0644\u0623\u0637\u0641\u0627\u0644 \u0627\u0644\u0645\u0631\u0636\u0649 \u0648\u0623\u0633\u0631\u0647\u0645 \u0641\u064a \u0627\u0644\u062d\u0627\u0644\u0627\u062a \u0627\u0644\u0627\u0646\u0633\u0627\u0646\u064a\u0629 \u0627\u0644\u0641\u0631\u062f\u064a\u0629 \u0645\u0646 \u0630\u0648\u064a \u0627\u0644\u0623\u0645\u0631\u0627\u0636 \u0627\u0644\u0645\u0632\u0645\u0646\u0629 \u0648\u0627\u0644\u0645\u0633\u0627\u0639\u062f\u0629 \u0643\u0630\u0644\u0643 \u0641\u064a \u062a\u063a\u0637\u064a\u0629 \u0646\u0641\u0642\u0627\u062a \u0627\u0644\u0639\u0645\u0644\u064a\u0627\u062a \u0627\u0644\u062c\u0631\u0627\u062d\u064a\u0629 \u0627\u0644\u0639\u0627\u062c\u0644\u0629 .<\/p>\n\n\n\n<p class=\"has-text-align-right has-medium-font-size\">\u2013 \u0643\u0645\u0627 \u062a\u0642\u0648\u0645 \u0627\u0644\u0645\u0624\u0633\u0633\u0629 \u0628\u062a\u0642\u062f\u064a\u0645 \u0627\u0644\u0645\u0634\u0648\u0631\u0629 \u0648\u0627\u0644\u062a\u0648\u0639\u064a\u0629 \u0648\u0627\u0644\u062a\u062b\u0642\u064a\u0641 \u0627\u0644\u0635\u062d\u064a \u0644\u0623\u0647\u0627\u0644\u064a \u0627\u0644\u0623\u0637\u0641\u0627\u0644 \u0627\u0644\u0645\u0639\u0646\u064a\u064a\u0646.<\/p>\n\n\n\n<p><\/p>\n\n\n\n<div class=\"wp-block-image\"><figure class=\"alignleft size-large is-resized\"><img loading=\"lazy\" decoding=\"async\" src=\"https:\/\/i1.wp.com\/zkn-verein.de\/wp-content\/uploads\/2020\/02\/3.jpg?fit=824%2C1024\" alt=\"\" class=\"wp-image-927\" width=\"612\" height=\"760\"\/><\/figure><\/div>\n","protected":false},"excerpt":{"rendered":"<p>\u0627\u0644\u0635\u062d\u0629 \u2013 \u062a\u0642\u0648\u0645 \u0645\u0624\u0633\u0633\u0629 \u0645\u0639\u0627 \u0644\u0644\u0623\u0637\u0641\u0627\u0644 \u0627\u0644\u0623\u0644\u0645\u0627\u0646\u064a\u0629 \u0644\u0644\u0625\u063a\u0627\u062b\u0629 \u0648\u0627\u0644\u062a\u0646\u0645\u064a\u0629 \u0628\u062a\u0648\u0641\u064a\u0631 \u0627\u0644\u0631\u0639\u0627\u064a\u0629 \u0627\u0644\u0637\u0628\u064a\u0629 \u0648\u0627\u0644\u0645\u0633\u0627\u0639\u062f\u0629 \u0644\u0644\u0623\u0637\u0641\u0627\u0644 \u0627\u0644\u0645\u0631\u0636\u0649 \u0648\u0627\u0644\u0645\u062d\u062a\u0627\u062c\u064a\u0646 . \u0648\u0623\u064a\u0636\u0627 \u062a\u0642\u062f\u064a\u0645 \u0627\u0644\u062f\u0639\u0645 \u0627\u0644\u0637\u0628\u064a \u0627\u0644\u0644\u0627\u0632\u0645 \u0623\u062b\u0646\u0627\u0621 \u0627\u0644\u062d\u0631\u0648\u0628 \u0648\u0627\u0644\u0646\u0632\u0627\u0639\u0627\u062a \u0648\u0627\u0644\u0643\u0648\u0627\u0631\u062b . \u2013 \u0643\u0630\u0644\u0643 \u062f\u0639\u0645 \u0627\u0644\u0648\u062d\u062f\u0627\u062a \u0627\u0644\u0645\u0631\u0627\u0643\u0632 \u0627\u0644\u0635\u062d\u064a\u0629 \u0628\u0627\u0644\u0639\u0644\u0627\u062c\u0627\u062a \u0648\u0627\u0644\u0645\u0633\u062a\u0644\u0632\u0645\u0627\u062a \u0627\u0644\u0637\u0628\u064a\u0629 \u0627\u0644\u0644\u0627\u0632\u0645\u0629. \u0648\u0627\u0644\u0645\u0633\u0627\u0639\u062f\u0629 \u0641\u064a \u062a\u0648\u0641\u064a\u0631 \u0627\u0644\u0623\u062f\u0648\u064a\u0629 \u0644\u0644\u0623\u0637\u0641\u0627\u0644 \u0627\u0644\u0645\u0631\u0636\u0649 \u0648\u0623\u0633\u0631\u0647\u0645 \u0641\u064a \u0627\u0644\u062d\u0627\u0644\u0627\u062a \u0627\u0644\u0627\u0646\u0633\u0627\u0646\u064a\u0629 \u0627\u0644\u0641\u0631\u062f\u064a\u0629 \u0645\u0646 \u0630\u0648\u064a \u0627\u0644\u0623\u0645\u0631\u0627\u0636 \u0627\u0644\u0645\u0632\u0645\u0646\u0629 \u0648\u0627\u0644\u0645\u0633\u0627\u0639\u062f\u0629 \u0643\u0630\u0644\u0643 \u0641\u064a &hellip;<\/p>\n","protected":false},"author":1,"featured_media":0,"parent":0,"menu_order":0,"comment_status":"closed","ping_status":"closed","template":"","meta":{"footnotes":""},"class_list":["post-948","page","type-page","status-publish","hentry"],"yoast_head":"<!-- This site is optimized with the Yoast SEO plugin v21.5 - https:\/\/yoast.com\/wordpress\/plugins\/seo\/ -->\n<title>\u0645\u0639\u0644\u0648\u0645\u0627\u062a \u0639\u0627\u0645\u0629 - Zusammen f\u00fcr Kinder in Not e.V.<\/title>\n<meta name=\"robots\" content=\"index, follow, max-snippet:-1, max-image-preview:large, max-video-preview:-1\" \/>\n<link rel=\"canonical\" href=\"https:\/\/zkn-verein.de\/allgemeines-3-2\/\" \/>\n<meta property=\"og:locale\" content=\"en_US\" \/>\n<meta property=\"og:type\" content=\"article\" \/>\n<meta property=\"og:title\" content=\"\u0645\u0639\u0644\u0648\u0645\u0627\u062a \u0639\u0627\u0645\u0629 - Zusammen f\u00fcr Kinder in Not e.V.\" \/>\n<meta property=\"og:description\" content=\"\u0627\u0644\u0635\u062d\u0629 \u2013 \u062a\u0642\u0648\u0645 \u0645\u0624\u0633\u0633\u0629 \u0645\u0639\u0627 \u0644\u0644\u0623\u0637\u0641\u0627\u0644 \u0627\u0644\u0623\u0644\u0645\u0627\u0646\u064a\u0629 \u0644\u0644\u0625\u063a\u0627\u062b\u0629 \u0648\u0627\u0644\u062a\u0646\u0645\u064a\u0629 \u0628\u062a\u0648\u0641\u064a\u0631 \u0627\u0644\u0631\u0639\u0627\u064a\u0629 \u0627\u0644\u0637\u0628\u064a\u0629 \u0648\u0627\u0644\u0645\u0633\u0627\u0639\u062f\u0629 \u0644\u0644\u0623\u0637\u0641\u0627\u0644 \u0627\u0644\u0645\u0631\u0636\u0649 \u0648\u0627\u0644\u0645\u062d\u062a\u0627\u062c\u064a\u0646 . \u0648\u0623\u064a\u0636\u0627 \u062a\u0642\u062f\u064a\u0645 \u0627\u0644\u062f\u0639\u0645 \u0627\u0644\u0637\u0628\u064a \u0627\u0644\u0644\u0627\u0632\u0645 \u0623\u062b\u0646\u0627\u0621 \u0627\u0644\u062d\u0631\u0648\u0628 \u0648\u0627\u0644\u0646\u0632\u0627\u0639\u0627\u062a \u0648\u0627\u0644\u0643\u0648\u0627\u0631\u062b . \u2013 \u0643\u0630\u0644\u0643 \u062f\u0639\u0645 \u0627\u0644\u0648\u062d\u062f\u0627\u062a \u0627\u0644\u0645\u0631\u0627\u0643\u0632 \u0627\u0644\u0635\u062d\u064a\u0629 \u0628\u0627\u0644\u0639\u0644\u0627\u062c\u0627\u062a \u0648\u0627\u0644\u0645\u0633\u062a\u0644\u0632\u0645\u0627\u062a \u0627\u0644\u0637\u0628\u064a\u0629 \u0627\u0644\u0644\u0627\u0632\u0645\u0629. \u0648\u0627\u0644\u0645\u0633\u0627\u0639\u062f\u0629 \u0641\u064a \u062a\u0648\u0641\u064a\u0631 \u0627\u0644\u0623\u062f\u0648\u064a\u0629 \u0644\u0644\u0623\u0637\u0641\u0627\u0644 \u0627\u0644\u0645\u0631\u0636\u0649 \u0648\u0623\u0633\u0631\u0647\u0645 \u0641\u064a \u0627\u0644\u062d\u0627\u0644\u0627\u062a \u0627\u0644\u0627\u0646\u0633\u0627\u0646\u064a\u0629 \u0627\u0644\u0641\u0631\u062f\u064a\u0629 \u0645\u0646 \u0630\u0648\u064a \u0627\u0644\u0623\u0645\u0631\u0627\u0636 \u0627\u0644\u0645\u0632\u0645\u0646\u0629 \u0648\u0627\u0644\u0645\u0633\u0627\u0639\u062f\u0629 \u0643\u0630\u0644\u0643 \u0641\u064a &hellip;\" \/>\n<meta property=\"og:url\" content=\"https:\/\/zkn-verein.de\/allgemeines-3-2\/\" \/>\n<meta property=\"og:site_name\" content=\"Zusammen f\u00fcr Kinder in Not e.V.\" \/>\n<meta property=\"og:image\" content=\"https:\/\/i1.wp.com\/zkn-verein.de\/wp-content\/uploads\/2020\/02\/3.jpg?fit=824%2C1024\" \/>\n<meta name=\"twitter:card\" content=\"summary_large_image\" \/>\n<script type=\"application\/ld+json\" class=\"yoast-schema-graph\">{\"@context\":\"https:\/\/schema.org\",\"@graph\":[{\"@type\":\"WebPage\",\"@id\":\"https:\/\/zkn-verein.de\/allgemeines-3-2\/\",\"url\":\"https:\/\/zkn-verein.de\/allgemeines-3-2\/\",\"name\":\"\u0645\u0639\u0644\u0648\u0645\u0627\u062a \u0639\u0627\u0645\u0629 - Zusammen f\u00fcr Kinder in Not e.V.\",\"isPartOf\":{\"@id\":\"https:\/\/zkn-verein.de\/#website\"},\"datePublished\":\"2020-02-23T13:27:29+00:00\",\"dateModified\":\"2020-02-23T13:27:29+00:00\",\"inLanguage\":\"en-US\",\"potentialAction\":[{\"@type\":\"ReadAction\",\"target\":[\"https:\/\/zkn-verein.de\/allgemeines-3-2\/\"]}]},{\"@type\":\"WebSite\",\"@id\":\"https:\/\/zkn-verein.de\/#website\",\"url\":\"https:\/\/zkn-verein.de\/\",\"name\":\"Zusammen f\u00fcr Kinder in Not e.V.\",\"description\":\"Zusammen f\u00fcr Kinder in Not e.V.\u201c, abgek\u00fcrzt: ZKN. Er hat den Sitz in Bonn \u2013 NRW- Deutschlad.  Der Verein setzt sich f\u00fcr bed\u00fcrftige und notleidende Kinder und Menschen weltweit, insbesondere in Entwicklungs- und Schwellenl\u00e4ndern sowie in Kriegs- und Krisengebieten. Der Verein ist konfessionell und politisch neutral. Die F\u00f6rderung ist nicht auf bestimmte L\u00e4nder oder Konfessionen beschr\u00e4nkt.\",\"potentialAction\":[{\"@type\":\"SearchAction\",\"target\":{\"@type\":\"EntryPoint\",\"urlTemplate\":\"https:\/\/zkn-verein.de\/?s={search_term_string}\"},\"query-input\":\"required name=search_term_string\"}],\"inLanguage\":\"en-US\"}]}<\/script>\n<!-- \/ Yoast SEO plugin. -->","yoast_head_json":{"title":"\u0645\u0639\u0644\u0648\u0645\u0627\u062a \u0639\u0627\u0645\u0629 - Zusammen f\u00fcr Kinder in Not e.V.","robots":{"index":"index","follow":"follow","max-snippet":"max-snippet:-1","max-image-preview":"max-image-preview:large","max-video-preview":"max-video-preview:-1"},"canonical":"https:\/\/zkn-verein.de\/allgemeines-3-2\/","og_locale":"en_US","og_type":"article","og_title":"\u0645\u0639\u0644\u0648\u0645\u0627\u062a \u0639\u0627\u0645\u0629 - Zusammen f\u00fcr Kinder in Not e.V.","og_description":"\u0627\u0644\u0635\u062d\u0629 \u2013 \u062a\u0642\u0648\u0645 \u0645\u0624\u0633\u0633\u0629 \u0645\u0639\u0627 \u0644\u0644\u0623\u0637\u0641\u0627\u0644 \u0627\u0644\u0623\u0644\u0645\u0627\u0646\u064a\u0629 \u0644\u0644\u0625\u063a\u0627\u062b\u0629 \u0648\u0627\u0644\u062a\u0646\u0645\u064a\u0629 \u0628\u062a\u0648\u0641\u064a\u0631 \u0627\u0644\u0631\u0639\u0627\u064a\u0629 \u0627\u0644\u0637\u0628\u064a\u0629 \u0648\u0627\u0644\u0645\u0633\u0627\u0639\u062f\u0629 \u0644\u0644\u0623\u0637\u0641\u0627\u0644 \u0627\u0644\u0645\u0631\u0636\u0649 \u0648\u0627\u0644\u0645\u062d\u062a\u0627\u062c\u064a\u0646 . \u0648\u0623\u064a\u0636\u0627 \u062a\u0642\u062f\u064a\u0645 \u0627\u0644\u062f\u0639\u0645 \u0627\u0644\u0637\u0628\u064a \u0627\u0644\u0644\u0627\u0632\u0645 \u0623\u062b\u0646\u0627\u0621 \u0627\u0644\u062d\u0631\u0648\u0628 \u0648\u0627\u0644\u0646\u0632\u0627\u0639\u0627\u062a \u0648\u0627\u0644\u0643\u0648\u0627\u0631\u062b . \u2013 \u0643\u0630\u0644\u0643 \u062f\u0639\u0645 \u0627\u0644\u0648\u062d\u062f\u0627\u062a \u0627\u0644\u0645\u0631\u0627\u0643\u0632 \u0627\u0644\u0635\u062d\u064a\u0629 \u0628\u0627\u0644\u0639\u0644\u0627\u062c\u0627\u062a \u0648\u0627\u0644\u0645\u0633\u062a\u0644\u0632\u0645\u0627\u062a \u0627\u0644\u0637\u0628\u064a\u0629 \u0627\u0644\u0644\u0627\u0632\u0645\u0629. \u0648\u0627\u0644\u0645\u0633\u0627\u0639\u062f\u0629 \u0641\u064a \u062a\u0648\u0641\u064a\u0631 \u0627\u0644\u0623\u062f\u0648\u064a\u0629 \u0644\u0644\u0623\u0637\u0641\u0627\u0644 \u0627\u0644\u0645\u0631\u0636\u0649 \u0648\u0623\u0633\u0631\u0647\u0645 \u0641\u064a \u0627\u0644\u062d\u0627\u0644\u0627\u062a \u0627\u0644\u0627\u0646\u0633\u0627\u0646\u064a\u0629 \u0627\u0644\u0641\u0631\u062f\u064a\u0629 \u0645\u0646 \u0630\u0648\u064a \u0627\u0644\u0623\u0645\u0631\u0627\u0636 \u0627\u0644\u0645\u0632\u0645\u0646\u0629 \u0648\u0627\u0644\u0645\u0633\u0627\u0639\u062f\u0629 \u0643\u0630\u0644\u0643 \u0641\u064a &hellip;","og_url":"https:\/\/zkn-verein.de\/allgemeines-3-2\/","og_site_name":"Zusammen f\u00fcr Kinder in Not e.V.","og_image":[{"url":"https:\/\/i1.wp.com\/zkn-verein.de\/wp-content\/uploads\/2020\/02\/3.jpg?fit=824%2C1024"}],"twitter_card":"summary_large_image","schema":{"@context":"https:\/\/schema.org","@graph":[{"@type":"WebPage","@id":"https:\/\/zkn-verein.de\/allgemeines-3-2\/","url":"https:\/\/zkn-verein.de\/allgemeines-3-2\/","name":"\u0645\u0639\u0644\u0648\u0645\u0627\u062a \u0639\u0627\u0645\u0629 - Zusammen f\u00fcr Kinder in Not e.V.","isPartOf":{"@id":"https:\/\/zkn-verein.de\/#website"},"datePublished":"2020-02-23T13:27:29+00:00","dateModified":"2020-02-23T13:27:29+00:00","inLanguage":"en-US","potentialAction":[{"@type":"ReadAction","target":["https:\/\/zkn-verein.de\/allgemeines-3-2\/"]}]},{"@type":"WebSite","@id":"https:\/\/zkn-verein.de\/#website","url":"https:\/\/zkn-verein.de\/","name":"Zusammen f\u00fcr Kinder in Not e.V.","description":"Zusammen f\u00fcr Kinder in Not e.V.\u201c, abgek\u00fcrzt: ZKN. Er hat den Sitz in Bonn \u2013 NRW- Deutschlad.  Der Verein setzt sich f\u00fcr bed\u00fcrftige und notleidende Kinder und Menschen weltweit, insbesondere in Entwicklungs- und Schwellenl\u00e4ndern sowie in Kriegs- und Krisengebieten. Der Verein ist konfessionell und politisch neutral. Die F\u00f6rderung ist nicht auf bestimmte L\u00e4nder oder Konfessionen beschr\u00e4nkt.","potentialAction":[{"@type":"SearchAction","target":{"@type":"EntryPoint","urlTemplate":"https:\/\/zkn-verein.de\/?s={search_term_string}"},"query-input":"required name=search_term_string"}],"inLanguage":"en-US"}]}},"_links":{"self":[{"href":"https:\/\/zkn-verein.de\/en\/wp-json\/wp\/v2\/pages\/948","targetHints":{"allow":["GET"]}}],"collection":[{"href":"https:\/\/zkn-verein.de\/en\/wp-json\/wp\/v2\/pages"}],"about":[{"href":"https:\/\/zkn-verein.de\/en\/wp-json\/wp\/v2\/types\/page"}],"author":[{"embeddable":true,"href":"https:\/\/zkn-verein.de\/en\/wp-json\/wp\/v2\/users\/1"}],"replies":[{"embeddable":true,"href":"https:\/\/zkn-verein.de\/en\/wp-json\/wp\/v2\/comments?post=948"}],"version-history":[{"count":0,"href":"https:\/\/zkn-verein.de\/en\/wp-json\/wp\/v2\/pages\/948\/revisions"}],"wp:attachment":[{"href":"https:\/\/zkn-verein.de\/en\/wp-json\/wp\/v2\/media?parent=948"}],"curies":[{"name":"wp","href":"https:\/\/api.w.org\/{rel}","templated":true}]}}