{"id":18836,"date":"2025-11-18T10:36:55","date_gmt":"2025-11-18T09:36:55","guid":{"rendered":"https:\/\/zkn-verein.de\/?page_id=18836"},"modified":"2025-11-18T10:36:57","modified_gmt":"2025-11-18T09:36:57","slug":"legal-notice","status":"publish","type":"page","link":"https:\/\/zkn-verein.de\/en\/legal-notice\/","title":{"rendered":"Legal Notice"},"content":{"rendered":"<h2><span style=\"color: #993300;\">Tax Privileges<\/span><\/h2>\n<h3><strong>Together for Children Organization is exempt from corporate tax according to the decision issued by the Bonn City Center Tax Office on 26.03.2019 (Tax No. 205\/5771\/1428), due to its particularly charitable and nonprofit purposes in accordance with \u00a7 52 Abs. 2 Satz 1 AO.<\/strong><\/h3>\n<h3>Donations to our organization are tax-deductible from wage and income tax.<\/h3>\n<h2><span style=\"color: #993300;\">Registration in the Organization Register<\/span><\/h2>\n<h3>The organization was registered on 26.04.2019 at the Bonn District Court under Register No. 11480.<\/h3>\n<h2><span style=\"color: #993300;\">Contact Address<\/span><\/h2>\n<p>Together for Children Organization<br \/>Schweidnitzer Weg 11<br \/>53119 Bonn, Germany<br \/>info@zkn-verein.de , www.zkn-verein.de<\/p>\n<h2><span style=\"color: #993300;\">Bank Details<\/span><\/h2>\n<p>Sparkasse K\u00f6lnBonn<br \/>IBAN: DE46 3705 0198 1934 8505 36<br \/>BIC: COLSDE33XXX<\/p>\n<p>Paypal: info@zkn-verein.de<\/p>\n\n\n<p><\/p>\n","protected":false},"excerpt":{"rendered":"<p>Tax Privileges Together for Children Organization is exempt from corporate tax according to the decision issued by the Bonn City Center Tax Office on 26.03.2019 (Tax No. 205\/5771\/1428), due to its particularly charitable and nonprofit purposes in accordance with \u00a7 52 Abs. 2 Satz 1 AO. Donations to our organization are tax-deductible from wage and &hellip;<\/p>\n","protected":false},"author":1,"featured_media":0,"parent":0,"menu_order":0,"comment_status":"closed","ping_status":"closed","template":"elementor_header_footer","meta":{"footnotes":""},"class_list":["post-18836","page","type-page","status-publish","hentry"],"yoast_head":"<!-- This site is optimized with the Yoast SEO plugin v21.5 - https:\/\/yoast.com\/wordpress\/plugins\/seo\/ -->\n<title>Legal Notice - Zusammen f\u00fcr Kinder in Not e.V.<\/title>\n<meta name=\"robots\" content=\"index, follow, max-snippet:-1, max-image-preview:large, max-video-preview:-1\" \/>\n<link rel=\"canonical\" href=\"https:\/\/zkn-verein.de\/en\/legal-notice\/\" \/>\n<meta property=\"og:locale\" content=\"en_US\" \/>\n<meta property=\"og:type\" content=\"article\" \/>\n<meta property=\"og:title\" content=\"Legal Notice - Zusammen f\u00fcr Kinder in Not e.V.\" \/>\n<meta property=\"og:description\" content=\"Tax Privileges Together for Children Organization is exempt from corporate tax according to the decision issued by the Bonn City Center Tax Office on 26.03.2019 (Tax No. 205\/5771\/1428), due to its particularly charitable and nonprofit purposes in accordance with \u00a7 52 Abs. 2 Satz 1 AO. Donations to our organization are tax-deductible from wage and &hellip;\" \/>\n<meta property=\"og:url\" content=\"https:\/\/zkn-verein.de\/en\/legal-notice\/\" \/>\n<meta property=\"og:site_name\" content=\"Zusammen f\u00fcr Kinder in Not e.V.\" \/>\n<meta property=\"article:modified_time\" content=\"2025-11-18T09:36:57+00:00\" \/>\n<meta property=\"og:image\" content=\"https:\/\/zkn-verein.de\/wp-content\/uploads\/2023\/10\/\u0635\u0641\u062d\u0629-\u0631\u0626\u064a\u0633\u064a\u0629.jpg\" \/>\n\t<meta property=\"og:image:width\" content=\"1366\" \/>\n\t<meta property=\"og:image:height\" content=\"768\" \/>\n\t<meta property=\"og:image:type\" content=\"image\/jpeg\" \/>\n<meta name=\"twitter:card\" content=\"summary_large_image\" \/>\n<meta name=\"twitter:label1\" content=\"Est. reading time\" \/>\n\t<meta name=\"twitter:data1\" content=\"1 minute\" \/>\n<script type=\"application\/ld+json\" class=\"yoast-schema-graph\">{\"@context\":\"https:\/\/schema.org\",\"@graph\":[{\"@type\":\"WebPage\",\"@id\":\"https:\/\/zkn-verein.de\/en\/legal-notice\/\",\"url\":\"https:\/\/zkn-verein.de\/en\/legal-notice\/\",\"name\":\"Legal Notice - Zusammen f\u00fcr Kinder in Not e.V.\",\"isPartOf\":{\"@id\":\"https:\/\/zkn-verein.de\/#website\"},\"datePublished\":\"2025-11-18T09:36:55+00:00\",\"dateModified\":\"2025-11-18T09:36:57+00:00\",\"inLanguage\":\"en-US\",\"potentialAction\":[{\"@type\":\"ReadAction\",\"target\":[\"https:\/\/zkn-verein.de\/en\/legal-notice\/\"]}]},{\"@type\":\"WebSite\",\"@id\":\"https:\/\/zkn-verein.de\/#website\",\"url\":\"https:\/\/zkn-verein.de\/\",\"name\":\"Zusammen f\u00fcr Kinder in Not e.V.\",\"description\":\"Zusammen f\u00fcr Kinder in Not e.V.\u201c, abgek\u00fcrzt: ZKN. Er hat den Sitz in Bonn \u2013 NRW- Deutschlad.  Der Verein setzt sich f\u00fcr bed\u00fcrftige und notleidende Kinder und Menschen weltweit, insbesondere in Entwicklungs- und Schwellenl\u00e4ndern sowie in Kriegs- und Krisengebieten. Der Verein ist konfessionell und politisch neutral. Die F\u00f6rderung ist nicht auf bestimmte L\u00e4nder oder Konfessionen beschr\u00e4nkt.\",\"potentialAction\":[{\"@type\":\"SearchAction\",\"target\":{\"@type\":\"EntryPoint\",\"urlTemplate\":\"https:\/\/zkn-verein.de\/?s={search_term_string}\"},\"query-input\":\"required name=search_term_string\"}],\"inLanguage\":\"en-US\"}]}<\/script>\n<!-- \/ Yoast SEO plugin. -->","yoast_head_json":{"title":"Legal Notice - Zusammen f\u00fcr Kinder in Not e.V.","robots":{"index":"index","follow":"follow","max-snippet":"max-snippet:-1","max-image-preview":"max-image-preview:large","max-video-preview":"max-video-preview:-1"},"canonical":"https:\/\/zkn-verein.de\/en\/legal-notice\/","og_locale":"en_US","og_type":"article","og_title":"Legal Notice - Zusammen f\u00fcr Kinder in Not e.V.","og_description":"Tax Privileges Together for Children Organization is exempt from corporate tax according to the decision issued by the Bonn City Center Tax Office on 26.03.2019 (Tax No. 205\/5771\/1428), due to its particularly charitable and nonprofit purposes in accordance with \u00a7 52 Abs. 2 Satz 1 AO. Donations to our organization are tax-deductible from wage and &hellip;","og_url":"https:\/\/zkn-verein.de\/en\/legal-notice\/","og_site_name":"Zusammen f\u00fcr Kinder in Not e.V.","article_modified_time":"2025-11-18T09:36:57+00:00","og_image":[{"width":1366,"height":768,"url":"https:\/\/zkn-verein.de\/wp-content\/uploads\/2023\/10\/\u0635\u0641\u062d\u0629-\u0631\u0626\u064a\u0633\u064a\u0629.jpg","type":"image\/jpeg"}],"twitter_card":"summary_large_image","twitter_misc":{"Est. reading time":"1 minute"},"schema":{"@context":"https:\/\/schema.org","@graph":[{"@type":"WebPage","@id":"https:\/\/zkn-verein.de\/en\/legal-notice\/","url":"https:\/\/zkn-verein.de\/en\/legal-notice\/","name":"Legal Notice - Zusammen f\u00fcr Kinder in Not e.V.","isPartOf":{"@id":"https:\/\/zkn-verein.de\/#website"},"datePublished":"2025-11-18T09:36:55+00:00","dateModified":"2025-11-18T09:36:57+00:00","inLanguage":"en-US","potentialAction":[{"@type":"ReadAction","target":["https:\/\/zkn-verein.de\/en\/legal-notice\/"]}]},{"@type":"WebSite","@id":"https:\/\/zkn-verein.de\/#website","url":"https:\/\/zkn-verein.de\/","name":"Zusammen f\u00fcr Kinder in Not e.V.","description":"Zusammen f\u00fcr Kinder in Not e.V.\u201c, abgek\u00fcrzt: ZKN. Er hat den Sitz in Bonn \u2013 NRW- Deutschlad.  Der Verein setzt sich f\u00fcr bed\u00fcrftige und notleidende Kinder und Menschen weltweit, insbesondere in Entwicklungs- und Schwellenl\u00e4ndern sowie in Kriegs- und Krisengebieten. Der Verein ist konfessionell und politisch neutral. Die F\u00f6rderung ist nicht auf bestimmte L\u00e4nder oder Konfessionen beschr\u00e4nkt.","potentialAction":[{"@type":"SearchAction","target":{"@type":"EntryPoint","urlTemplate":"https:\/\/zkn-verein.de\/?s={search_term_string}"},"query-input":"required name=search_term_string"}],"inLanguage":"en-US"}]}},"_links":{"self":[{"href":"https:\/\/zkn-verein.de\/en\/wp-json\/wp\/v2\/pages\/18836","targetHints":{"allow":["GET"]}}],"collection":[{"href":"https:\/\/zkn-verein.de\/en\/wp-json\/wp\/v2\/pages"}],"about":[{"href":"https:\/\/zkn-verein.de\/en\/wp-json\/wp\/v2\/types\/page"}],"author":[{"embeddable":true,"href":"https:\/\/zkn-verein.de\/en\/wp-json\/wp\/v2\/users\/1"}],"replies":[{"embeddable":true,"href":"https:\/\/zkn-verein.de\/en\/wp-json\/wp\/v2\/comments?post=18836"}],"version-history":[{"count":1,"href":"https:\/\/zkn-verein.de\/en\/wp-json\/wp\/v2\/pages\/18836\/revisions"}],"predecessor-version":[{"id":18837,"href":"https:\/\/zkn-verein.de\/en\/wp-json\/wp\/v2\/pages\/18836\/revisions\/18837"}],"wp:attachment":[{"href":"https:\/\/zkn-verein.de\/en\/wp-json\/wp\/v2\/media?parent=18836"}],"curies":[{"name":"wp","href":"https:\/\/api.w.org\/{rel}","templated":true}]}}