{"id":18709,"date":"2025-10-30T11:20:23","date_gmt":"2025-10-30T10:20:23","guid":{"rendered":"https:\/\/zkn-verein.de\/?page_id=18709"},"modified":"2025-11-21T13:00:52","modified_gmt":"2025-11-21T12:00:52","slug":"startseite","status":"publish","type":"page","link":"https:\/\/zkn-verein.de\/en\/","title":{"rendered":"HOME"},"content":{"rendered":"\n<pre><code>&lt;a href=\"https:\/\/zkn-verein.de\/jetzt-spenden2\/\" target=\"_blank\"&gt;JETZT \nSPENDEN\n&lt;a\/&gt;<\/code><\/pre>\n\n\n\n<pre class=\"wp-block-code\"><code>&lt;div id=\"fb-root\"&gt;&lt;\/div&gt;\n&lt;script async defer crossorigin=\"anonymous\" src=\"https:\/\/connect.facebook.net\/ar_AR\/sdk.js#xfbml=1&amp;version=v20.0\" nonce=\"6oZBaJY7\"&gt;&lt;\/script&gt;<\/code><\/pre>\n\n\n\n<p><\/p>\n","protected":false},"excerpt":{"rendered":"<p>&lt;a href=&#8221;https:\/\/zkn-verein.de\/jetzt-spenden2\/&#8221; target=&#8221;_blank&#8221;&gt;JETZT SPENDEN &lt;a\/&gt; &lt;div id=&#8221;fb-root&#8221;&gt;&lt;\/div&gt; &lt;script async defer crossorigin=&#8221;anonymous&#8221; src=&#8221;https:\/\/connect.facebook.net\/ar_AR\/sdk.js#xfbml=1&amp;version=v20.0&#8243; nonce=&#8221;6oZBaJY7&#8243;&gt;&lt;\/script&gt;<\/p>\n","protected":false},"author":1,"featured_media":18013,"parent":0,"menu_order":0,"comment_status":"closed","ping_status":"closed","template":"","meta":{"footnotes":""},"class_list":["post-18709","page","type-page","status-publish","has-post-thumbnail","hentry"],"yoast_head":"<!-- This site is optimized with the Yoast SEO plugin v21.5 - https:\/\/yoast.com\/wordpress\/plugins\/seo\/ -->\n<title>HOME - Zusammen f\u00fcr Kinder in Not e.V.<\/title>\n<meta name=\"robots\" content=\"index, follow, max-snippet:-1, max-image-preview:large, max-video-preview:-1\" \/>\n<link rel=\"canonical\" href=\"https:\/\/zkn-verein.de\/en\/\" \/>\n<meta property=\"og:locale\" content=\"en_US\" \/>\n<meta property=\"og:type\" content=\"article\" \/>\n<meta property=\"og:title\" content=\"HOME - Zusammen f\u00fcr Kinder in Not e.V.\" \/>\n<meta property=\"og:description\" content=\"&lt;a href=&quot;https:\/\/zkn-verein.de\/jetzt-spenden2\/&quot; target=&quot;_blank&quot;&gt;JETZT SPENDEN &lt;a\/&gt; &lt;div id=&quot;fb-root&quot;&gt;&lt;\/div&gt; &lt;script async defer crossorigin=&quot;anonymous&quot; src=&quot;https:\/\/connect.facebook.net\/ar_AR\/sdk.js#xfbml=1&amp;version=v20.0&quot; nonce=&quot;6oZBaJY7&quot;&gt;&lt;\/script&gt;\" \/>\n<meta property=\"og:url\" content=\"https:\/\/zkn-verein.de\/en\/\" \/>\n<meta property=\"og:site_name\" content=\"Zusammen f\u00fcr Kinder in Not e.V.\" \/>\n<meta property=\"article:modified_time\" content=\"2025-11-21T12:00:52+00:00\" \/>\n<meta property=\"og:image\" content=\"https:\/\/zkn-verein.de\/wp-content\/uploads\/2023\/10\/\u0635\u0641\u062d\u0629-\u0631\u0626\u064a\u0633\u064a\u0629-1-1.jpg\" \/>\n\t<meta property=\"og:image:width\" content=\"1382\" \/>\n\t<meta property=\"og:image:height\" content=\"768\" \/>\n\t<meta property=\"og:image:type\" content=\"image\/jpeg\" \/>\n<meta name=\"twitter:card\" content=\"summary_large_image\" \/>\n<script type=\"application\/ld+json\" class=\"yoast-schema-graph\">{\"@context\":\"https:\/\/schema.org\",\"@graph\":[{\"@type\":\"WebPage\",\"@id\":\"https:\/\/zkn-verein.de\/en\/\",\"url\":\"https:\/\/zkn-verein.de\/en\/\",\"name\":\"HOME - Zusammen f\u00fcr Kinder in Not e.V.\",\"isPartOf\":{\"@id\":\"https:\/\/zkn-verein.de\/#website\"},\"datePublished\":\"2025-10-30T10:20:23+00:00\",\"dateModified\":\"2025-11-21T12:00:52+00:00\",\"inLanguage\":\"en-US\",\"potentialAction\":[{\"@type\":\"ReadAction\",\"target\":[\"https:\/\/zkn-verein.de\/en\/\"]}]},{\"@type\":\"WebSite\",\"@id\":\"https:\/\/zkn-verein.de\/#website\",\"url\":\"https:\/\/zkn-verein.de\/\",\"name\":\"Zusammen f\u00fcr Kinder in Not e.V.\",\"description\":\"Zusammen f\u00fcr Kinder in Not e.V.\u201c, abgek\u00fcrzt: ZKN. Er hat den Sitz in Bonn \u2013 NRW- Deutschlad.  Der Verein setzt sich f\u00fcr bed\u00fcrftige und notleidende Kinder und Menschen weltweit, insbesondere in Entwicklungs- und Schwellenl\u00e4ndern sowie in Kriegs- und Krisengebieten. Der Verein ist konfessionell und politisch neutral. Die F\u00f6rderung ist nicht auf bestimmte L\u00e4nder oder Konfessionen beschr\u00e4nkt.\",\"potentialAction\":[{\"@type\":\"SearchAction\",\"target\":{\"@type\":\"EntryPoint\",\"urlTemplate\":\"https:\/\/zkn-verein.de\/?s={search_term_string}\"},\"query-input\":\"required name=search_term_string\"}],\"inLanguage\":\"en-US\"}]}<\/script>\n<!-- \/ Yoast SEO plugin. -->","yoast_head_json":{"title":"HOME - Zusammen f\u00fcr Kinder in Not e.V.","robots":{"index":"index","follow":"follow","max-snippet":"max-snippet:-1","max-image-preview":"max-image-preview:large","max-video-preview":"max-video-preview:-1"},"canonical":"https:\/\/zkn-verein.de\/en\/","og_locale":"en_US","og_type":"article","og_title":"HOME - Zusammen f\u00fcr Kinder in Not e.V.","og_description":"&lt;a href=\"https:\/\/zkn-verein.de\/jetzt-spenden2\/\" target=\"_blank\"&gt;JETZT SPENDEN &lt;a\/&gt; &lt;div id=\"fb-root\"&gt;&lt;\/div&gt; &lt;script async defer crossorigin=\"anonymous\" src=\"https:\/\/connect.facebook.net\/ar_AR\/sdk.js#xfbml=1&amp;version=v20.0\" nonce=\"6oZBaJY7\"&gt;&lt;\/script&gt;","og_url":"https:\/\/zkn-verein.de\/en\/","og_site_name":"Zusammen f\u00fcr Kinder in Not e.V.","article_modified_time":"2025-11-21T12:00:52+00:00","og_image":[{"width":1382,"height":768,"url":"https:\/\/zkn-verein.de\/wp-content\/uploads\/2023\/10\/\u0635\u0641\u062d\u0629-\u0631\u0626\u064a\u0633\u064a\u0629-1-1.jpg","type":"image\/jpeg"}],"twitter_card":"summary_large_image","schema":{"@context":"https:\/\/schema.org","@graph":[{"@type":"WebPage","@id":"https:\/\/zkn-verein.de\/en\/","url":"https:\/\/zkn-verein.de\/en\/","name":"HOME - Zusammen f\u00fcr Kinder in Not e.V.","isPartOf":{"@id":"https:\/\/zkn-verein.de\/#website"},"datePublished":"2025-10-30T10:20:23+00:00","dateModified":"2025-11-21T12:00:52+00:00","inLanguage":"en-US","potentialAction":[{"@type":"ReadAction","target":["https:\/\/zkn-verein.de\/en\/"]}]},{"@type":"WebSite","@id":"https:\/\/zkn-verein.de\/#website","url":"https:\/\/zkn-verein.de\/","name":"Zusammen f\u00fcr Kinder in Not e.V.","description":"Zusammen f\u00fcr Kinder in Not e.V.\u201c, abgek\u00fcrzt: ZKN. Er hat den Sitz in Bonn \u2013 NRW- Deutschlad.  Der Verein setzt sich f\u00fcr bed\u00fcrftige und notleidende Kinder und Menschen weltweit, insbesondere in Entwicklungs- und Schwellenl\u00e4ndern sowie in Kriegs- und Krisengebieten. Der Verein ist konfessionell und politisch neutral. Die F\u00f6rderung ist nicht auf bestimmte L\u00e4nder oder Konfessionen beschr\u00e4nkt.","potentialAction":[{"@type":"SearchAction","target":{"@type":"EntryPoint","urlTemplate":"https:\/\/zkn-verein.de\/?s={search_term_string}"},"query-input":"required name=search_term_string"}],"inLanguage":"en-US"}]}},"_links":{"self":[{"href":"https:\/\/zkn-verein.de\/en\/wp-json\/wp\/v2\/pages\/18709","targetHints":{"allow":["GET"]}}],"collection":[{"href":"https:\/\/zkn-verein.de\/en\/wp-json\/wp\/v2\/pages"}],"about":[{"href":"https:\/\/zkn-verein.de\/en\/wp-json\/wp\/v2\/types\/page"}],"author":[{"embeddable":true,"href":"https:\/\/zkn-verein.de\/en\/wp-json\/wp\/v2\/users\/1"}],"replies":[{"embeddable":true,"href":"https:\/\/zkn-verein.de\/en\/wp-json\/wp\/v2\/comments?post=18709"}],"version-history":[{"count":2,"href":"https:\/\/zkn-verein.de\/en\/wp-json\/wp\/v2\/pages\/18709\/revisions"}],"predecessor-version":[{"id":18711,"href":"https:\/\/zkn-verein.de\/en\/wp-json\/wp\/v2\/pages\/18709\/revisions\/18711"}],"wp:featuredmedia":[{"embeddable":true,"href":"https:\/\/zkn-verein.de\/en\/wp-json\/wp\/v2\/media\/18013"}],"wp:attachment":[{"href":"https:\/\/zkn-verein.de\/en\/wp-json\/wp\/v2\/media?parent=18709"}],"curies":[{"name":"wp","href":"https:\/\/api.w.org\/{rel}","templated":true}]}}