{"id":1296,"date":"2020-05-10T02:16:45","date_gmt":"2020-05-10T00:16:45","guid":{"rendered":"http:\/\/zkn-verein.de\/?page_id=1296"},"modified":"2026-03-19T04:52:52","modified_gmt":"2026-03-19T03:52:52","slug":"zakat-ul-fitr","status":"publish","type":"page","link":"https:\/\/zkn-verein.de\/en\/zakat-ul-fitr\/","title":{"rendered":"Zakat Al-fitr"},"content":{"rendered":"\t\t<div data-elementor-type=\"wp-page\" data-elementor-id=\"1296\" class=\"elementor elementor-1296\">\n\t\t\t\t\t\t\t\t\t<section class=\"elementor-section elementor-top-section elementor-element elementor-element-9d35e15 elementor-section-boxed elementor-section-height-default elementor-section-height-default\" data-id=\"9d35e15\" data-element_type=\"section\">\n\t\t\t\t\t\t<div class=\"elementor-container elementor-column-gap-default\">\n\t\t\t\t\t<div class=\"elementor-column elementor-col-100 elementor-top-column elementor-element elementor-element-fb49e13\" data-id=\"fb49e13\" data-element_type=\"column\">\n\t\t\t<div class=\"elementor-widget-wrap elementor-element-populated\">\n\t\t\t\t\t\t\t\t<div class=\"elementor-element elementor-element-82cfef5 elementor-widget elementor-widget-image\" data-id=\"82cfef5\" data-element_type=\"widget\" data-widget_type=\"image.default\">\n\t\t\t\t<div class=\"elementor-widget-container\">\n\t\t\t<style>\/*! elementor - v3.16.0 - 09-10-2023 *\/\n.elementor-widget-image{text-align:center}.elementor-widget-image a{display:inline-block}.elementor-widget-image a img[src$=\".svg\"]{width:48px}.elementor-widget-image img{vertical-align:middle;display:inline-block}<\/style>\t\t\t\t\t\t\t\t\t\t\t\t<img loading=\"lazy\" decoding=\"async\" width=\"1555\" height=\"1800\" src=\"https:\/\/zkn-verein.de\/wp-content\/uploads\/2026\/03\/\u0632\u0643\u0627\u0629-\u0627\u0644\u0641\u0637\u0631-\u0641\u0644\u0627\u064a\u06312022-5-Recovered-555555555555550000000000000000.jpg\" class=\"attachment-2048x2048 size-2048x2048 wp-image-18926\" alt=\"\" srcset=\"https:\/\/zkn-verein.de\/wp-content\/uploads\/2026\/03\/\u0632\u0643\u0627\u0629-\u0627\u0644\u0641\u0637\u0631-\u0641\u0644\u0627\u064a\u06312022-5-Recovered-555555555555550000000000000000.jpg 1555w, https:\/\/zkn-verein.de\/wp-content\/uploads\/2026\/03\/\u0632\u0643\u0627\u0629-\u0627\u0644\u0641\u0637\u0631-\u0641\u0644\u0627\u064a\u06312022-5-Recovered-555555555555550000000000000000-259x300.jpg 259w, https:\/\/zkn-verein.de\/wp-content\/uploads\/2026\/03\/\u0632\u0643\u0627\u0629-\u0627\u0644\u0641\u0637\u0631-\u0641\u0644\u0627\u064a\u06312022-5-Recovered-555555555555550000000000000000-885x1024.jpg 885w, https:\/\/zkn-verein.de\/wp-content\/uploads\/2026\/03\/\u0632\u0643\u0627\u0629-\u0627\u0644\u0641\u0637\u0631-\u0641\u0644\u0627\u064a\u06312022-5-Recovered-555555555555550000000000000000-768x889.jpg 768w, https:\/\/zkn-verein.de\/wp-content\/uploads\/2026\/03\/\u0632\u0643\u0627\u0629-\u0627\u0644\u0641\u0637\u0631-\u0641\u0644\u0627\u064a\u06312022-5-Recovered-555555555555550000000000000000-1327x1536.jpg 1327w, https:\/\/zkn-verein.de\/wp-content\/uploads\/2026\/03\/\u0632\u0643\u0627\u0629-\u0627\u0644\u0641\u0637\u0631-\u0641\u0644\u0627\u064a\u06312022-5-Recovered-555555555555550000000000000000-1320x1528.jpg 1320w\" sizes=\"auto, (max-width: 1555px) 100vw, 1555px\" \/>\t\t\t\t\t\t\t\t\t\t\t\t\t\t\t<\/div>\n\t\t\t\t<\/div>\n\t\t\t\t\t<\/div>\n\t\t<\/div>\n\t\t\t\t\t\t\t<\/div>\n\t\t<\/section>\n\t\t\t\t<section class=\"elementor-section elementor-top-section elementor-element elementor-element-0d77481 elementor-section-boxed elementor-section-height-default elementor-section-height-default\" data-id=\"0d77481\" data-element_type=\"section\">\n\t\t\t\t\t\t<div class=\"elementor-container elementor-column-gap-default\">\n\t\t\t\t\t<div class=\"elementor-column elementor-col-100 elementor-top-column elementor-element elementor-element-d1bb369\" data-id=\"d1bb369\" data-element_type=\"column\">\n\t\t\t<div class=\"elementor-widget-wrap elementor-element-populated\">\n\t\t\t\t\t\t\t\t<div class=\"elementor-element elementor-element-e8cd968 elementor-widget elementor-widget-shortcode\" data-id=\"e8cd968\" data-element_type=\"widget\" data-widget_type=\"shortcode.default\">\n\t\t\t\t<div class=\"elementor-widget-container\">\n\t\t\t\t\t<div class=\"elementor-shortcode\"><div class=\"give-embed-form-wrapper\" id=\"give-69e74656202e4\"><iframe\n\t\t\t\tname=\"give-embed-form\"\n\t\t\t\tsrc=\"https:\/\/zkn-verein.de\/en\/give\/zakat-al-fitr\/?giveDonationFormInIframe=1\"\n\t\t\t\t\n\t\t\t\tdata-autoScroll=\"0\"\n\t\t\t\tonload=\"if( 'undefined' !== typeof Give ) { Give.initializeIframeResize(this) }\"\n\t\t\t\tstyle=\"border: 0;visibility: hidden;min-height: 645px;\"><\/iframe><div class=\"iframe-loader\">\n<div style=\"\n\t\theight: calc(100% - 28px);\n\t\twidth: calc(100% - 20px);\n\t\tmax-width: 552px;\n\t\tmargin: 10px auto 10px auto;\n\t\tbackground: #fff;\n\t\tborder-radius: 6px;\n\t\tdisplay: flex;\n\t\talign-items: center;\n\t\tjustify-content: center;\n\t\t-webkit-box-shadow: 0 2px 2px 0 rgba(0, 0, 0, 0.14),\n\t\t\t0 3px 1px -2px rgba(0, 0, 0, 0.2),\n\t\t\t0 1px 5px 0 rgba(0, 0, 0, 0.12);\n\t\tbox-shadow: 0 2px 2px 0 rgba(0, 0, 0, 0.14),\n\t\t\t0 3px 1px -2px rgba(0, 0, 0, 0.2),\n\t\t\t0 1px 5px 0 rgba(0, 0, 0, 0.12);\n\t\">\n    <div style=\"\n        pointer-events: none;\n        height: 90px;\n        width: 90px;\n        background-image: url(&quot;data:image\/svg+xml;charset=utf8,%3C?xml version='1.0' encoding='utf-8'?%3E%3C!-- Generator: Adobe Illustrator 24.1.0, SVG Export Plug-In . SVG Version: 6.00 Build 0) --%3E%3Csvg version='1.1' id='Layer_1' xmlns='http:\/\/www.w3.org\/2000\/svg' xmlns:xlink='http:\/\/www.w3.org\/1999\/xlink' x='0px' y='0px' viewBox='0 0 349 348' style='enable-background:new 0 0 349 348;' xml:space='preserve'%3E%3Cstyle type='text\/css'%3E .st0{fill:%2328c3cc;} %3C\/style%3E%3Cpath class='st0' d='M25.1,204.57c-13.38,0-24.47-10.6-24.97-24.08C0.04,178.09,0,175.97,0,174C0,77.78,78.28-0.5,174.5-0.5 c13.81,0,25,11.19,25,25s-11.19,25-25,25C105.85,49.5,50,105.35,50,174c0,1.37,0.03,2.85,0.1,4.65c0.51,13.8-10.27,25.39-24.07,25.9 C25.72,204.56,25.41,204.57,25.1,204.57z'\/%3E%3Cpath class='st0' d='M174.5,348.5c-13.81,0-25-11.19-25-25c0-13.81,11.19-25,25-25c68.65,0,124.5-55.85,124.5-124.5 c0-1.38-0.03-2.85-0.1-4.65c-0.51-13.8,10.26-25.4,24.06-25.91c13.83-0.53,25.4,10.26,25.91,24.06c0.09,2.39,0.13,4.51,0.13,6.49 C349,270.22,270.72,348.5,174.5,348.5z'\/%3E%3C\/svg%3E&quot;);\n        animation: spin 0.6s linear infinite;\n        \"><\/div>\n<\/div>\n<\/div><\/div><\/div>\n\t\t\t\t<\/div>\n\t\t\t\t<\/div>\n\t\t\t\t\t<\/div>\n\t\t<\/div>\n\t\t\t\t\t\t\t<\/div>\n\t\t<\/section>\n\t\t\t\t\t\t\t<\/div>\n\t\t","protected":false},"excerpt":{"rendered":"","protected":false},"author":1,"featured_media":0,"parent":0,"menu_order":0,"comment_status":"closed","ping_status":"closed","template":"","meta":{"footnotes":""},"class_list":["post-1296","page","type-page","status-publish","hentry"],"yoast_head":"<!-- This site is optimized with the Yoast SEO plugin v21.5 - https:\/\/yoast.com\/wordpress\/plugins\/seo\/ -->\n<title>Zakat Al-fitr - Zusammen f\u00fcr Kinder in Not e.V.<\/title>\n<meta name=\"robots\" content=\"index, follow, max-snippet:-1, max-image-preview:large, max-video-preview:-1\" \/>\n<link rel=\"canonical\" href=\"https:\/\/zkn-verein.de\/zakat-ul-fitr\/\" \/>\n<meta property=\"og:locale\" content=\"en_US\" \/>\n<meta property=\"og:type\" content=\"article\" \/>\n<meta property=\"og:title\" content=\"Zakat Al-fitr - Zusammen f\u00fcr Kinder in Not e.V.\" \/>\n<meta property=\"og:url\" content=\"https:\/\/zkn-verein.de\/zakat-ul-fitr\/\" \/>\n<meta property=\"og:site_name\" content=\"Zusammen f\u00fcr Kinder in Not e.V.\" \/>\n<meta property=\"article:modified_time\" content=\"2026-03-19T03:52:52+00:00\" \/>\n<meta property=\"og:image\" content=\"https:\/\/zkn-verein.de\/wp-content\/uploads\/2023\/10\/\u0635\u0641\u062d\u0629-\u0631\u0626\u064a\u0633\u064a\u0629.jpg\" \/>\n\t<meta property=\"og:image:width\" content=\"1366\" \/>\n\t<meta property=\"og:image:height\" content=\"768\" \/>\n\t<meta property=\"og:image:type\" content=\"image\/jpeg\" \/>\n<meta name=\"twitter:card\" content=\"summary_large_image\" \/>\n<meta name=\"twitter:label1\" content=\"Est. reading time\" \/>\n\t<meta name=\"twitter:data1\" content=\"1 minute\" \/>\n<script type=\"application\/ld+json\" class=\"yoast-schema-graph\">{\"@context\":\"https:\/\/schema.org\",\"@graph\":[{\"@type\":\"WebPage\",\"@id\":\"https:\/\/zkn-verein.de\/zakat-ul-fitr\/\",\"url\":\"https:\/\/zkn-verein.de\/zakat-ul-fitr\/\",\"name\":\"Zakat Al-fitr - Zusammen f\u00fcr Kinder in Not e.V.\",\"isPartOf\":{\"@id\":\"https:\/\/zkn-verein.de\/#website\"},\"datePublished\":\"2020-05-10T00:16:45+00:00\",\"dateModified\":\"2026-03-19T03:52:52+00:00\",\"inLanguage\":\"en-US\",\"potentialAction\":[{\"@type\":\"ReadAction\",\"target\":[\"https:\/\/zkn-verein.de\/zakat-ul-fitr\/\"]}]},{\"@type\":\"WebSite\",\"@id\":\"https:\/\/zkn-verein.de\/#website\",\"url\":\"https:\/\/zkn-verein.de\/\",\"name\":\"Zusammen f\u00fcr Kinder in Not e.V.\",\"description\":\"Zusammen f\u00fcr Kinder in Not e.V.\u201c, abgek\u00fcrzt: ZKN. Er hat den Sitz in Bonn \u2013 NRW- Deutschlad.  Der Verein setzt sich f\u00fcr bed\u00fcrftige und notleidende Kinder und Menschen weltweit, insbesondere in Entwicklungs- und Schwellenl\u00e4ndern sowie in Kriegs- und Krisengebieten. Der Verein ist konfessionell und politisch neutral. Die F\u00f6rderung ist nicht auf bestimmte L\u00e4nder oder Konfessionen beschr\u00e4nkt.\",\"potentialAction\":[{\"@type\":\"SearchAction\",\"target\":{\"@type\":\"EntryPoint\",\"urlTemplate\":\"https:\/\/zkn-verein.de\/?s={search_term_string}\"},\"query-input\":\"required name=search_term_string\"}],\"inLanguage\":\"en-US\"}]}<\/script>\n<!-- \/ Yoast SEO plugin. -->","yoast_head_json":{"title":"Zakat Al-fitr - Zusammen f\u00fcr Kinder in Not e.V.","robots":{"index":"index","follow":"follow","max-snippet":"max-snippet:-1","max-image-preview":"max-image-preview:large","max-video-preview":"max-video-preview:-1"},"canonical":"https:\/\/zkn-verein.de\/zakat-ul-fitr\/","og_locale":"en_US","og_type":"article","og_title":"Zakat Al-fitr - Zusammen f\u00fcr Kinder in Not e.V.","og_url":"https:\/\/zkn-verein.de\/zakat-ul-fitr\/","og_site_name":"Zusammen f\u00fcr Kinder in Not e.V.","article_modified_time":"2026-03-19T03:52:52+00:00","og_image":[{"width":1366,"height":768,"url":"https:\/\/zkn-verein.de\/wp-content\/uploads\/2023\/10\/\u0635\u0641\u062d\u0629-\u0631\u0626\u064a\u0633\u064a\u0629.jpg","type":"image\/jpeg"}],"twitter_card":"summary_large_image","twitter_misc":{"Est. reading time":"1 minute"},"schema":{"@context":"https:\/\/schema.org","@graph":[{"@type":"WebPage","@id":"https:\/\/zkn-verein.de\/zakat-ul-fitr\/","url":"https:\/\/zkn-verein.de\/zakat-ul-fitr\/","name":"Zakat Al-fitr - Zusammen f\u00fcr Kinder in Not e.V.","isPartOf":{"@id":"https:\/\/zkn-verein.de\/#website"},"datePublished":"2020-05-10T00:16:45+00:00","dateModified":"2026-03-19T03:52:52+00:00","inLanguage":"en-US","potentialAction":[{"@type":"ReadAction","target":["https:\/\/zkn-verein.de\/zakat-ul-fitr\/"]}]},{"@type":"WebSite","@id":"https:\/\/zkn-verein.de\/#website","url":"https:\/\/zkn-verein.de\/","name":"Zusammen f\u00fcr Kinder in Not e.V.","description":"Zusammen f\u00fcr Kinder in Not e.V.\u201c, abgek\u00fcrzt: ZKN. Er hat den Sitz in Bonn \u2013 NRW- Deutschlad.  Der Verein setzt sich f\u00fcr bed\u00fcrftige und notleidende Kinder und Menschen weltweit, insbesondere in Entwicklungs- und Schwellenl\u00e4ndern sowie in Kriegs- und Krisengebieten. Der Verein ist konfessionell und politisch neutral. Die F\u00f6rderung ist nicht auf bestimmte L\u00e4nder oder Konfessionen beschr\u00e4nkt.","potentialAction":[{"@type":"SearchAction","target":{"@type":"EntryPoint","urlTemplate":"https:\/\/zkn-verein.de\/?s={search_term_string}"},"query-input":"required name=search_term_string"}],"inLanguage":"en-US"}]}},"_links":{"self":[{"href":"https:\/\/zkn-verein.de\/en\/wp-json\/wp\/v2\/pages\/1296","targetHints":{"allow":["GET"]}}],"collection":[{"href":"https:\/\/zkn-verein.de\/en\/wp-json\/wp\/v2\/pages"}],"about":[{"href":"https:\/\/zkn-verein.de\/en\/wp-json\/wp\/v2\/types\/page"}],"author":[{"embeddable":true,"href":"https:\/\/zkn-verein.de\/en\/wp-json\/wp\/v2\/users\/1"}],"replies":[{"embeddable":true,"href":"https:\/\/zkn-verein.de\/en\/wp-json\/wp\/v2\/comments?post=1296"}],"version-history":[{"count":9,"href":"https:\/\/zkn-verein.de\/en\/wp-json\/wp\/v2\/pages\/1296\/revisions"}],"predecessor-version":[{"id":18941,"href":"https:\/\/zkn-verein.de\/en\/wp-json\/wp\/v2\/pages\/1296\/revisions\/18941"}],"wp:attachment":[{"href":"https:\/\/zkn-verein.de\/en\/wp-json\/wp\/v2\/media?parent=1296"}],"curies":[{"name":"wp","href":"https:\/\/api.w.org\/{rel}","templated":true}]}}