{"id":10172,"date":"2022-08-26T22:36:38","date_gmt":"2022-08-26T20:36:38","guid":{"rendered":"https:\/\/zkn-verein.de\/kasse\/kauf-bestaetigung\/"},"modified":"2022-08-26T22:36:38","modified_gmt":"2022-08-26T20:36:38","slug":"kauf-bestaetigung","status":"publish","type":"page","link":"https:\/\/zkn-verein.de\/en\/kasse\/kauf-bestaetigung\/","title":{"rendered":"Kauf-Best\u00e4tigung"},"content":{"rendered":"<p>Thank you for your purchase!<\/p><p>[edd_receipt]<\/p>\n","protected":false},"excerpt":{"rendered":"<p>Thank you for your purchase![edd_receipt]<\/p>\n","protected":false},"author":1,"featured_media":0,"parent":10171,"menu_order":0,"comment_status":"closed","ping_status":"closed","template":"","meta":{"footnotes":""},"class_list":["post-10172","page","type-page","status-publish","hentry"],"yoast_head":"<!-- This site is optimized with the Yoast SEO plugin v21.5 - https:\/\/yoast.com\/wordpress\/plugins\/seo\/ -->\n<title>Kauf-Best\u00e4tigung - Zusammen f\u00fcr Kinder in Not e.V.<\/title>\n<meta name=\"robots\" content=\"index, follow, max-snippet:-1, max-image-preview:large, max-video-preview:-1\" \/>\n<link rel=\"canonical\" href=\"https:\/\/zkn-verein.de\/kasse\/kauf-bestaetigung\/\" \/>\n<meta property=\"og:locale\" content=\"en_US\" \/>\n<meta property=\"og:type\" content=\"article\" \/>\n<meta property=\"og:title\" content=\"Kauf-Best\u00e4tigung - Zusammen f\u00fcr Kinder in Not e.V.\" \/>\n<meta property=\"og:description\" content=\"Thank you for your purchase![edd_receipt]\" \/>\n<meta property=\"og:url\" content=\"https:\/\/zkn-verein.de\/kasse\/kauf-bestaetigung\/\" \/>\n<meta property=\"og:site_name\" content=\"Zusammen f\u00fcr Kinder in Not e.V.\" \/>\n<meta property=\"og:image\" content=\"https:\/\/zkn-verein.de\/wp-content\/uploads\/2023\/10\/\u0635\u0641\u062d\u0629-\u0631\u0626\u064a\u0633\u064a\u0629.jpg\" \/>\n\t<meta property=\"og:image:width\" content=\"1366\" \/>\n\t<meta property=\"og:image:height\" content=\"768\" \/>\n\t<meta property=\"og:image:type\" content=\"image\/jpeg\" \/>\n<meta name=\"twitter:card\" content=\"summary_large_image\" \/>\n<script type=\"application\/ld+json\" class=\"yoast-schema-graph\">{\"@context\":\"https:\/\/schema.org\",\"@graph\":[{\"@type\":\"WebPage\",\"@id\":\"https:\/\/zkn-verein.de\/kasse\/kauf-bestaetigung\/\",\"url\":\"https:\/\/zkn-verein.de\/kasse\/kauf-bestaetigung\/\",\"name\":\"Kauf-Best\u00e4tigung - Zusammen f\u00fcr Kinder in Not e.V.\",\"isPartOf\":{\"@id\":\"https:\/\/zkn-verein.de\/#website\"},\"datePublished\":\"2022-08-26T20:36:38+00:00\",\"dateModified\":\"2022-08-26T20:36:38+00:00\",\"breadcrumb\":{\"@id\":\"https:\/\/zkn-verein.de\/kasse\/kauf-bestaetigung\/#breadcrumb\"},\"inLanguage\":\"en-US\",\"potentialAction\":[{\"@type\":\"ReadAction\",\"target\":[\"https:\/\/zkn-verein.de\/kasse\/kauf-bestaetigung\/\"]}]},{\"@type\":\"BreadcrumbList\",\"@id\":\"https:\/\/zkn-verein.de\/kasse\/kauf-bestaetigung\/#breadcrumb\",\"itemListElement\":[{\"@type\":\"ListItem\",\"position\":1,\"name\":\"Kasse\",\"item\":\"https:\/\/zkn-verein.de\/kasse\/\"},{\"@type\":\"ListItem\",\"position\":2,\"name\":\"Kauf-Best\u00e4tigung\"}]},{\"@type\":\"WebSite\",\"@id\":\"https:\/\/zkn-verein.de\/#website\",\"url\":\"https:\/\/zkn-verein.de\/\",\"name\":\"Zusammen f\u00fcr Kinder in Not e.V.\",\"description\":\"Zusammen f\u00fcr Kinder in Not e.V.\u201c, abgek\u00fcrzt: ZKN. Er hat den Sitz in Bonn \u2013 NRW- Deutschlad.  Der Verein setzt sich f\u00fcr bed\u00fcrftige und notleidende Kinder und Menschen weltweit, insbesondere in Entwicklungs- und Schwellenl\u00e4ndern sowie in Kriegs- und Krisengebieten. Der Verein ist konfessionell und politisch neutral. Die F\u00f6rderung ist nicht auf bestimmte L\u00e4nder oder Konfessionen beschr\u00e4nkt.\",\"potentialAction\":[{\"@type\":\"SearchAction\",\"target\":{\"@type\":\"EntryPoint\",\"urlTemplate\":\"https:\/\/zkn-verein.de\/?s={search_term_string}\"},\"query-input\":\"required name=search_term_string\"}],\"inLanguage\":\"en-US\"}]}<\/script>\n<!-- \/ Yoast SEO plugin. -->","yoast_head_json":{"title":"Kauf-Best\u00e4tigung - Zusammen f\u00fcr Kinder in Not e.V.","robots":{"index":"index","follow":"follow","max-snippet":"max-snippet:-1","max-image-preview":"max-image-preview:large","max-video-preview":"max-video-preview:-1"},"canonical":"https:\/\/zkn-verein.de\/kasse\/kauf-bestaetigung\/","og_locale":"en_US","og_type":"article","og_title":"Kauf-Best\u00e4tigung - Zusammen f\u00fcr Kinder in Not e.V.","og_description":"Thank you for your purchase![edd_receipt]","og_url":"https:\/\/zkn-verein.de\/kasse\/kauf-bestaetigung\/","og_site_name":"Zusammen f\u00fcr Kinder in Not e.V.","og_image":[{"width":1366,"height":768,"url":"https:\/\/zkn-verein.de\/wp-content\/uploads\/2023\/10\/\u0635\u0641\u062d\u0629-\u0631\u0626\u064a\u0633\u064a\u0629.jpg","type":"image\/jpeg"}],"twitter_card":"summary_large_image","schema":{"@context":"https:\/\/schema.org","@graph":[{"@type":"WebPage","@id":"https:\/\/zkn-verein.de\/kasse\/kauf-bestaetigung\/","url":"https:\/\/zkn-verein.de\/kasse\/kauf-bestaetigung\/","name":"Kauf-Best\u00e4tigung - Zusammen f\u00fcr Kinder in Not e.V.","isPartOf":{"@id":"https:\/\/zkn-verein.de\/#website"},"datePublished":"2022-08-26T20:36:38+00:00","dateModified":"2022-08-26T20:36:38+00:00","breadcrumb":{"@id":"https:\/\/zkn-verein.de\/kasse\/kauf-bestaetigung\/#breadcrumb"},"inLanguage":"en-US","potentialAction":[{"@type":"ReadAction","target":["https:\/\/zkn-verein.de\/kasse\/kauf-bestaetigung\/"]}]},{"@type":"BreadcrumbList","@id":"https:\/\/zkn-verein.de\/kasse\/kauf-bestaetigung\/#breadcrumb","itemListElement":[{"@type":"ListItem","position":1,"name":"Kasse","item":"https:\/\/zkn-verein.de\/kasse\/"},{"@type":"ListItem","position":2,"name":"Kauf-Best\u00e4tigung"}]},{"@type":"WebSite","@id":"https:\/\/zkn-verein.de\/#website","url":"https:\/\/zkn-verein.de\/","name":"Zusammen f\u00fcr Kinder in Not e.V.","description":"Zusammen f\u00fcr Kinder in Not e.V.\u201c, abgek\u00fcrzt: ZKN. Er hat den Sitz in Bonn \u2013 NRW- Deutschlad.  Der Verein setzt sich f\u00fcr bed\u00fcrftige und notleidende Kinder und Menschen weltweit, insbesondere in Entwicklungs- und Schwellenl\u00e4ndern sowie in Kriegs- und Krisengebieten. Der Verein ist konfessionell und politisch neutral. Die F\u00f6rderung ist nicht auf bestimmte L\u00e4nder oder Konfessionen beschr\u00e4nkt.","potentialAction":[{"@type":"SearchAction","target":{"@type":"EntryPoint","urlTemplate":"https:\/\/zkn-verein.de\/?s={search_term_string}"},"query-input":"required name=search_term_string"}],"inLanguage":"en-US"}]}},"_links":{"self":[{"href":"https:\/\/zkn-verein.de\/en\/wp-json\/wp\/v2\/pages\/10172","targetHints":{"allow":["GET"]}}],"collection":[{"href":"https:\/\/zkn-verein.de\/en\/wp-json\/wp\/v2\/pages"}],"about":[{"href":"https:\/\/zkn-verein.de\/en\/wp-json\/wp\/v2\/types\/page"}],"author":[{"embeddable":true,"href":"https:\/\/zkn-verein.de\/en\/wp-json\/wp\/v2\/users\/1"}],"replies":[{"embeddable":true,"href":"https:\/\/zkn-verein.de\/en\/wp-json\/wp\/v2\/comments?post=10172"}],"version-history":[{"count":0,"href":"https:\/\/zkn-verein.de\/en\/wp-json\/wp\/v2\/pages\/10172\/revisions"}],"up":[{"embeddable":true,"href":"https:\/\/zkn-verein.de\/en\/wp-json\/wp\/v2\/pages\/10171"}],"wp:attachment":[{"href":"https:\/\/zkn-verein.de\/en\/wp-json\/wp\/v2\/media?parent=10172"}],"curies":[{"name":"wp","href":"https:\/\/api.w.org\/{rel}","templated":true}]}}