{"id":9240,"date":"2022-03-19T10:25:29","date_gmt":"2022-03-19T09:25:29","guid":{"rendered":"https:\/\/zkn-verein.de\/?page_id=9240"},"modified":"2026-05-02T19:59:14","modified_gmt":"2026-05-02T17:59:14","slug":"%d9%85%d8%b1%d8%ad%d8%a8%d8%a7%d9%8b-%d8%a8%d9%83%d9%85","status":"publish","type":"page","link":"https:\/\/zkn-verein.de\/ar\/","title":{"rendered":"\u0645\u0631\u062d\u0628\u0627\u064b \u0628\u0643\u0645"},"content":{"rendered":"\n<pre class=\"wp-block-code\"><code>&lt;a href=\"https:\/\/zkn-verein.de\/ar\/jetzt-spenden2\/\" class=\"wasapFloat1\" target=\"_blank\"&gt;\u062a\u0628\u0631\u0639 \u0627\u0644\u0627\u0646\n&lt;a\/&gt;<\/code><\/pre>\n","protected":false},"excerpt":{"rendered":"<p>&lt;a href=&#8221;https:\/\/zkn-verein.de\/ar\/jetzt-spenden2\/&#8221; class=&#8221;wasapFloat1&#8243; target=&#8221;_blank&#8221;&gt;\u062a\u0628\u0631\u0639 \u0627\u0644\u0627\u0646 &lt;a\/&gt;<\/p>\n","protected":false},"author":1,"featured_media":14822,"parent":0,"menu_order":0,"comment_status":"closed","ping_status":"closed","template":"","meta":{"footnotes":""},"class_list":["post-9240","page","type-page","status-publish","has-post-thumbnail","hentry"],"yoast_head":"<!-- This site is optimized with the Yoast SEO plugin v21.5 - https:\/\/yoast.com\/wordpress\/plugins\/seo\/ -->\n<title>\u0645\u0631\u062d\u0628\u0627\u064b \u0628\u0643\u0645 - Zusammen f\u00fcr Kinder in Not e.V.<\/title>\n<meta name=\"description\" content=\"\u062a\u0639\u0645\u0644 \u0627\u0644\u0645\u0624\u0633\u0633\u0629 \u0644\u0635\u0627\u0644\u062d \u0627\u0644\u0623\u0637\u0641\u0627\u0644 \u0648\u0627\u0644\u0623\u0634\u062e\u0627\u0635 \u0627\u0644\u0645\u062d\u062a\u0627\u062c\u064a\u0646 \u0641\u064a \u062c\u0645\u064a\u0639 \u0623\u0646\u062d\u0627\u0621 \u0627\u0644\u0639\u0627\u0644\u0645 \u060c \u0648\u062e\u0627\u0635\u0629 \u0641\u064a \u0627\u0644\u0628\u0644\u062f\u0627\u0646 \u0627\u0644\u0646\u0627\u0645\u064a\u0629 \u0648\u0627\u0644\u0646\u0627\u0634\u0626\u0629 \u0648\u0643\u0630\u0644\u0643 \u0641\u064a \u0645\u0646\u0627\u0637\u0642 \u0627\u0644\u062d\u0631\u0648\u0628 \u0648\u0627\u0644\u0623\u0632\u0645\u0627\u062a. \u0627\u0644\u0645\u0624\u0633\u0633\u0629 \u0645\u062d\u0627\u064a\u062f\u0629 \u0633\u064a\u0627\u0633\u064a\u0627\u064b \u0648\u063a\u064a\u0631 \u0637\u0627\u0626\u0641\u064a\u0629 \u0648 \u0644\u0627 \u064a\u0642\u062a\u0635\u0631 \u062f\u0639\u0645\u0647\u0627 \u0639\u0644\u0649 \u062f\u0648\u0644 \u0623\u0648 \u0641\u0626\u0627\u062a \u0645\u0639\u064a\u0646\u0629.\" \/>\n<meta name=\"robots\" content=\"index, follow, max-snippet:-1, max-image-preview:large, max-video-preview:-1\" \/>\n<link rel=\"canonical\" href=\"https:\/\/zkn-verein.de\/ar\/\" \/>\n<meta property=\"og:locale\" content=\"ar_AR\" \/>\n<meta property=\"og:type\" content=\"article\" \/>\n<meta property=\"og:title\" content=\"\u0645\u0624\u0633\u0633\u0629 \u0645\u0639\u0627\u064b \u0645\u0646 \u0623\u062c\u0644 \u0627\u0644\u0627\u0637\u0641\u0627\u0644\" \/>\n<meta property=\"og:description\" content=\"\u062a\u0639\u0645\u0644 \u0627\u0644\u0645\u0624\u0633\u0633\u0629 \u0644\u0635\u0627\u0644\u062d \u0627\u0644\u0623\u0637\u0641\u0627\u0644 \u0648\u0627\u0644\u0623\u0634\u062e\u0627\u0635 \u0627\u0644\u0645\u062d\u062a\u0627\u062c\u064a\u0646 \u0641\u064a \u062c\u0645\u064a\u0639 \u0623\u0646\u062d\u0627\u0621 \u0627\u0644\u0639\u0627\u0644\u0645 \u060c \u0648\u062e\u0627\u0635\u0629 \u0641\u064a \u0627\u0644\u0628\u0644\u062f\u0627\u0646 \u0627\u0644\u0646\u0627\u0645\u064a\u0629 \u0648\u0627\u0644\u0646\u0627\u0634\u0626\u0629 \u0648\u0643\u0630\u0644\u0643 \u0641\u064a \u0645\u0646\u0627\u0637\u0642 \u0627\u0644\u062d\u0631\u0648\u0628 \u0648\u0627\u0644\u0623\u0632\u0645\u0627\u062a. \u0627\u0644\u0645\u0624\u0633\u0633\u0629 \u0645\u062d\u0627\u064a\u062f\u0629 \u0633\u064a\u0627\u0633\u064a\u0627\u064b \u0648\u063a\u064a\u0631 \u0637\u0627\u0626\u0641\u064a\u0629 \u0648 \u0644\u0627 \u064a\u0642\u062a\u0635\u0631 \u062f\u0639\u0645\u0647\u0627 \u0639\u0644\u0649 \u062f\u0648\u0644 \u0623\u0648 \u0641\u0626\u0627\u062a \u0645\u0639\u064a\u0646\u0629.\" \/>\n<meta property=\"og:url\" content=\"https:\/\/zkn-verein.de\/ar\/\" \/>\n<meta property=\"og:site_name\" content=\"Zusammen f\u00fcr Kinder in Not e.V.\" \/>\n<meta property=\"article:modified_time\" content=\"2026-05-02T17:59:14+00:00\" \/>\n<meta property=\"og:image\" content=\"https:\/\/zkn-verein.de\/wp-content\/uploads\/2023\/10\/\u0635\u0641\u062d\u0629-\u0631\u0626\u064a\u0633\u064a\u0629-1-1.jpg\" \/>\n\t<meta property=\"og:image:width\" content=\"1382\" \/>\n\t<meta property=\"og:image:height\" content=\"768\" \/>\n\t<meta property=\"og:image:type\" content=\"image\/jpeg\" \/>\n<meta name=\"twitter:card\" content=\"summary_large_image\" \/>\n<meta name=\"twitter:title\" content=\"\u0645\u0624\u0633\u0633\u0629 \u0645\u0639\u0627\u064b \u0645\u0646 \u0623\u062c\u0644 \u0627\u0644\u0627\u0637\u0641\u0627\u0644\" \/>\n<meta name=\"twitter:description\" content=\"\u062a\u0639\u0645\u0644 \u0627\u0644\u0645\u0624\u0633\u0633\u0629 \u0644\u0635\u0627\u0644\u062d \u0627\u0644\u0623\u0637\u0641\u0627\u0644 \u0648\u0627\u0644\u0623\u0634\u062e\u0627\u0635 \u0627\u0644\u0645\u062d\u062a\u0627\u062c\u064a\u0646 \u0641\u064a \u062c\u0645\u064a\u0639 \u0623\u0646\u062d\u0627\u0621 \u0627\u0644\u0639\u0627\u0644\u0645 \u060c \u0648\u062e\u0627\u0635\u0629 \u0641\u064a \u0627\u0644\u0628\u0644\u062f\u0627\u0646 \u0627\u0644\u0646\u0627\u0645\u064a\u0629 \u0648\u0627\u0644\u0646\u0627\u0634\u0626\u0629 \u0648\u0643\u0630\u0644\u0643 \u0641\u064a \u0645\u0646\u0627\u0637\u0642 \u0627\u0644\u062d\u0631\u0648\u0628 \u0648\u0627\u0644\u0623\u0632\u0645\u0627\u062a. \u0627\u0644\u0645\u0624\u0633\u0633\u0629 \u0645\u062d\u0627\u064a\u062f\u0629 \u0633\u064a\u0627\u0633\u064a\u0627\u064b \u0648\u063a\u064a\u0631 \u0637\u0627\u0626\u0641\u064a\u0629 \u0648 \u0644\u0627 \u064a\u0642\u062a\u0635\u0631 \u062f\u0639\u0645\u0647\u0627 \u0639\u0644\u0649 \u062f\u0648\u0644 \u0623\u0648 \u0641\u0626\u0627\u062a \u0645\u0639\u064a\u0646\u0629.\" \/>\n<meta name=\"twitter:image\" content=\"https:\/\/zkn-verein.de\/wp-content\/uploads\/2023\/10\/\u0635\u0641\u062d\u0629-\u0631\u0626\u064a\u0633\u064a\u0629-1-2.jpg\" \/>\n<script type=\"application\/ld+json\" class=\"yoast-schema-graph\">{\"@context\":\"https:\/\/schema.org\",\"@graph\":[{\"@type\":\"WebPage\",\"@id\":\"https:\/\/zkn-verein.de\/ar\/\",\"url\":\"https:\/\/zkn-verein.de\/ar\/\",\"name\":\"\u0645\u0631\u062d\u0628\u0627\u064b \u0628\u0643\u0645 - Zusammen f\u00fcr Kinder in Not e.V.\",\"isPartOf\":{\"@id\":\"https:\/\/zkn-verein.de\/#website\"},\"datePublished\":\"2022-03-19T09:25:29+00:00\",\"dateModified\":\"2026-05-02T17:59:14+00:00\",\"description\":\"\u062a\u0639\u0645\u0644 \u0627\u0644\u0645\u0624\u0633\u0633\u0629 \u0644\u0635\u0627\u0644\u062d \u0627\u0644\u0623\u0637\u0641\u0627\u0644 \u0648\u0627\u0644\u0623\u0634\u062e\u0627\u0635 \u0627\u0644\u0645\u062d\u062a\u0627\u062c\u064a\u0646 \u0641\u064a \u062c\u0645\u064a\u0639 \u0623\u0646\u062d\u0627\u0621 \u0627\u0644\u0639\u0627\u0644\u0645 \u060c \u0648\u062e\u0627\u0635\u0629 \u0641\u064a \u0627\u0644\u0628\u0644\u062f\u0627\u0646 \u0627\u0644\u0646\u0627\u0645\u064a\u0629 \u0648\u0627\u0644\u0646\u0627\u0634\u0626\u0629 \u0648\u0643\u0630\u0644\u0643 \u0641\u064a \u0645\u0646\u0627\u0637\u0642 \u0627\u0644\u062d\u0631\u0648\u0628 \u0648\u0627\u0644\u0623\u0632\u0645\u0627\u062a. \u0627\u0644\u0645\u0624\u0633\u0633\u0629 \u0645\u062d\u0627\u064a\u062f\u0629 \u0633\u064a\u0627\u0633\u064a\u0627\u064b \u0648\u063a\u064a\u0631 \u0637\u0627\u0626\u0641\u064a\u0629 \u0648 \u0644\u0627 \u064a\u0642\u062a\u0635\u0631 \u062f\u0639\u0645\u0647\u0627 \u0639\u0644\u0649 \u062f\u0648\u0644 \u0623\u0648 \u0641\u0626\u0627\u062a \u0645\u0639\u064a\u0646\u0629.\",\"inLanguage\":\"ar\",\"potentialAction\":[{\"@type\":\"ReadAction\",\"target\":[\"https:\/\/zkn-verein.de\/ar\/\"]}]},{\"@type\":\"WebSite\",\"@id\":\"https:\/\/zkn-verein.de\/#website\",\"url\":\"https:\/\/zkn-verein.de\/\",\"name\":\"Zusammen f\u00fcr Kinder in Not e.V.\",\"description\":\"Zusammen f\u00fcr Kinder in Not e.V.\u201c, abgek\u00fcrzt: ZKN. Er hat den Sitz in Bonn \u2013 NRW- Deutschlad.  Der Verein setzt sich f\u00fcr bed\u00fcrftige und notleidende Kinder und Menschen weltweit, insbesondere in Entwicklungs- und Schwellenl\u00e4ndern sowie in Kriegs- und Krisengebieten. Der Verein ist konfessionell und politisch neutral. Die F\u00f6rderung ist nicht auf bestimmte L\u00e4nder oder Konfessionen beschr\u00e4nkt.\",\"potentialAction\":[{\"@type\":\"SearchAction\",\"target\":{\"@type\":\"EntryPoint\",\"urlTemplate\":\"https:\/\/zkn-verein.de\/?s={search_term_string}\"},\"query-input\":\"required name=search_term_string\"}],\"inLanguage\":\"ar\"}]}<\/script>\n<!-- \/ Yoast SEO plugin. -->","yoast_head_json":{"title":"\u0645\u0631\u062d\u0628\u0627\u064b \u0628\u0643\u0645 - Zusammen f\u00fcr Kinder in Not e.V.","description":"\u062a\u0639\u0645\u0644 \u0627\u0644\u0645\u0624\u0633\u0633\u0629 \u0644\u0635\u0627\u0644\u062d \u0627\u0644\u0623\u0637\u0641\u0627\u0644 \u0648\u0627\u0644\u0623\u0634\u062e\u0627\u0635 \u0627\u0644\u0645\u062d\u062a\u0627\u062c\u064a\u0646 \u0641\u064a \u062c\u0645\u064a\u0639 \u0623\u0646\u062d\u0627\u0621 \u0627\u0644\u0639\u0627\u0644\u0645 \u060c \u0648\u062e\u0627\u0635\u0629 \u0641\u064a \u0627\u0644\u0628\u0644\u062f\u0627\u0646 \u0627\u0644\u0646\u0627\u0645\u064a\u0629 \u0648\u0627\u0644\u0646\u0627\u0634\u0626\u0629 \u0648\u0643\u0630\u0644\u0643 \u0641\u064a \u0645\u0646\u0627\u0637\u0642 \u0627\u0644\u062d\u0631\u0648\u0628 \u0648\u0627\u0644\u0623\u0632\u0645\u0627\u062a. \u0627\u0644\u0645\u0624\u0633\u0633\u0629 \u0645\u062d\u0627\u064a\u062f\u0629 \u0633\u064a\u0627\u0633\u064a\u0627\u064b \u0648\u063a\u064a\u0631 \u0637\u0627\u0626\u0641\u064a\u0629 \u0648 \u0644\u0627 \u064a\u0642\u062a\u0635\u0631 \u062f\u0639\u0645\u0647\u0627 \u0639\u0644\u0649 \u062f\u0648\u0644 \u0623\u0648 \u0641\u0626\u0627\u062a \u0645\u0639\u064a\u0646\u0629.","robots":{"index":"index","follow":"follow","max-snippet":"max-snippet:-1","max-image-preview":"max-image-preview:large","max-video-preview":"max-video-preview:-1"},"canonical":"https:\/\/zkn-verein.de\/ar\/","og_locale":"ar_AR","og_type":"article","og_title":"\u0645\u0624\u0633\u0633\u0629 \u0645\u0639\u0627\u064b \u0645\u0646 \u0623\u062c\u0644 \u0627\u0644\u0627\u0637\u0641\u0627\u0644","og_description":"\u062a\u0639\u0645\u0644 \u0627\u0644\u0645\u0624\u0633\u0633\u0629 \u0644\u0635\u0627\u0644\u062d \u0627\u0644\u0623\u0637\u0641\u0627\u0644 \u0648\u0627\u0644\u0623\u0634\u062e\u0627\u0635 \u0627\u0644\u0645\u062d\u062a\u0627\u062c\u064a\u0646 \u0641\u064a \u062c\u0645\u064a\u0639 \u0623\u0646\u062d\u0627\u0621 \u0627\u0644\u0639\u0627\u0644\u0645 \u060c \u0648\u062e\u0627\u0635\u0629 \u0641\u064a \u0627\u0644\u0628\u0644\u062f\u0627\u0646 \u0627\u0644\u0646\u0627\u0645\u064a\u0629 \u0648\u0627\u0644\u0646\u0627\u0634\u0626\u0629 \u0648\u0643\u0630\u0644\u0643 \u0641\u064a \u0645\u0646\u0627\u0637\u0642 \u0627\u0644\u062d\u0631\u0648\u0628 \u0648\u0627\u0644\u0623\u0632\u0645\u0627\u062a. \u0627\u0644\u0645\u0624\u0633\u0633\u0629 \u0645\u062d\u0627\u064a\u062f\u0629 \u0633\u064a\u0627\u0633\u064a\u0627\u064b \u0648\u063a\u064a\u0631 \u0637\u0627\u0626\u0641\u064a\u0629 \u0648 \u0644\u0627 \u064a\u0642\u062a\u0635\u0631 \u062f\u0639\u0645\u0647\u0627 \u0639\u0644\u0649 \u062f\u0648\u0644 \u0623\u0648 \u0641\u0626\u0627\u062a \u0645\u0639\u064a\u0646\u0629.","og_url":"https:\/\/zkn-verein.de\/ar\/","og_site_name":"Zusammen f\u00fcr Kinder in Not e.V.","article_modified_time":"2026-05-02T17:59:14+00:00","og_image":[{"width":1382,"height":768,"url":"https:\/\/zkn-verein.de\/wp-content\/uploads\/2023\/10\/\u0635\u0641\u062d\u0629-\u0631\u0626\u064a\u0633\u064a\u0629-1-1.jpg","type":"image\/jpeg"}],"twitter_card":"summary_large_image","twitter_title":"\u0645\u0624\u0633\u0633\u0629 \u0645\u0639\u0627\u064b \u0645\u0646 \u0623\u062c\u0644 \u0627\u0644\u0627\u0637\u0641\u0627\u0644","twitter_description":"\u062a\u0639\u0645\u0644 \u0627\u0644\u0645\u0624\u0633\u0633\u0629 \u0644\u0635\u0627\u0644\u062d \u0627\u0644\u0623\u0637\u0641\u0627\u0644 \u0648\u0627\u0644\u0623\u0634\u062e\u0627\u0635 \u0627\u0644\u0645\u062d\u062a\u0627\u062c\u064a\u0646 \u0641\u064a \u062c\u0645\u064a\u0639 \u0623\u0646\u062d\u0627\u0621 \u0627\u0644\u0639\u0627\u0644\u0645 \u060c \u0648\u062e\u0627\u0635\u0629 \u0641\u064a \u0627\u0644\u0628\u0644\u062f\u0627\u0646 \u0627\u0644\u0646\u0627\u0645\u064a\u0629 \u0648\u0627\u0644\u0646\u0627\u0634\u0626\u0629 \u0648\u0643\u0630\u0644\u0643 \u0641\u064a \u0645\u0646\u0627\u0637\u0642 \u0627\u0644\u062d\u0631\u0648\u0628 \u0648\u0627\u0644\u0623\u0632\u0645\u0627\u062a. \u0627\u0644\u0645\u0624\u0633\u0633\u0629 \u0645\u062d\u0627\u064a\u062f\u0629 \u0633\u064a\u0627\u0633\u064a\u0627\u064b \u0648\u063a\u064a\u0631 \u0637\u0627\u0626\u0641\u064a\u0629 \u0648 \u0644\u0627 \u064a\u0642\u062a\u0635\u0631 \u062f\u0639\u0645\u0647\u0627 \u0639\u0644\u0649 \u062f\u0648\u0644 \u0623\u0648 \u0641\u0626\u0627\u062a \u0645\u0639\u064a\u0646\u0629.","twitter_image":"https:\/\/zkn-verein.de\/wp-content\/uploads\/2023\/10\/\u0635\u0641\u062d\u0629-\u0631\u0626\u064a\u0633\u064a\u0629-1-2.jpg","schema":{"@context":"https:\/\/schema.org","@graph":[{"@type":"WebPage","@id":"https:\/\/zkn-verein.de\/ar\/","url":"https:\/\/zkn-verein.de\/ar\/","name":"\u0645\u0631\u062d\u0628\u0627\u064b \u0628\u0643\u0645 - Zusammen f\u00fcr Kinder in Not e.V.","isPartOf":{"@id":"https:\/\/zkn-verein.de\/#website"},"datePublished":"2022-03-19T09:25:29+00:00","dateModified":"2026-05-02T17:59:14+00:00","description":"\u062a\u0639\u0645\u0644 \u0627\u0644\u0645\u0624\u0633\u0633\u0629 \u0644\u0635\u0627\u0644\u062d \u0627\u0644\u0623\u0637\u0641\u0627\u0644 \u0648\u0627\u0644\u0623\u0634\u062e\u0627\u0635 \u0627\u0644\u0645\u062d\u062a\u0627\u062c\u064a\u0646 \u0641\u064a \u062c\u0645\u064a\u0639 \u0623\u0646\u062d\u0627\u0621 \u0627\u0644\u0639\u0627\u0644\u0645 \u060c \u0648\u062e\u0627\u0635\u0629 \u0641\u064a \u0627\u0644\u0628\u0644\u062f\u0627\u0646 \u0627\u0644\u0646\u0627\u0645\u064a\u0629 \u0648\u0627\u0644\u0646\u0627\u0634\u0626\u0629 \u0648\u0643\u0630\u0644\u0643 \u0641\u064a \u0645\u0646\u0627\u0637\u0642 \u0627\u0644\u062d\u0631\u0648\u0628 \u0648\u0627\u0644\u0623\u0632\u0645\u0627\u062a. \u0627\u0644\u0645\u0624\u0633\u0633\u0629 \u0645\u062d\u0627\u064a\u062f\u0629 \u0633\u064a\u0627\u0633\u064a\u0627\u064b \u0648\u063a\u064a\u0631 \u0637\u0627\u0626\u0641\u064a\u0629 \u0648 \u0644\u0627 \u064a\u0642\u062a\u0635\u0631 \u062f\u0639\u0645\u0647\u0627 \u0639\u0644\u0649 \u062f\u0648\u0644 \u0623\u0648 \u0641\u0626\u0627\u062a \u0645\u0639\u064a\u0646\u0629.","inLanguage":"ar","potentialAction":[{"@type":"ReadAction","target":["https:\/\/zkn-verein.de\/ar\/"]}]},{"@type":"WebSite","@id":"https:\/\/zkn-verein.de\/#website","url":"https:\/\/zkn-verein.de\/","name":"Zusammen f\u00fcr Kinder in Not e.V.","description":"Zusammen f\u00fcr Kinder in Not e.V.\u201c, abgek\u00fcrzt: ZKN. Er hat den Sitz in Bonn \u2013 NRW- Deutschlad.  Der Verein setzt sich f\u00fcr bed\u00fcrftige und notleidende Kinder und Menschen weltweit, insbesondere in Entwicklungs- und Schwellenl\u00e4ndern sowie in Kriegs- und Krisengebieten. Der Verein ist konfessionell und politisch neutral. Die F\u00f6rderung ist nicht auf bestimmte L\u00e4nder oder Konfessionen beschr\u00e4nkt.","potentialAction":[{"@type":"SearchAction","target":{"@type":"EntryPoint","urlTemplate":"https:\/\/zkn-verein.de\/?s={search_term_string}"},"query-input":"required name=search_term_string"}],"inLanguage":"ar"}]}},"_links":{"self":[{"href":"https:\/\/zkn-verein.de\/ar\/wp-json\/wp\/v2\/pages\/9240","targetHints":{"allow":["GET"]}}],"collection":[{"href":"https:\/\/zkn-verein.de\/ar\/wp-json\/wp\/v2\/pages"}],"about":[{"href":"https:\/\/zkn-verein.de\/ar\/wp-json\/wp\/v2\/types\/page"}],"author":[{"embeddable":true,"href":"https:\/\/zkn-verein.de\/ar\/wp-json\/wp\/v2\/users\/1"}],"replies":[{"embeddable":true,"href":"https:\/\/zkn-verein.de\/ar\/wp-json\/wp\/v2\/comments?post=9240"}],"version-history":[{"count":2,"href":"https:\/\/zkn-verein.de\/ar\/wp-json\/wp\/v2\/pages\/9240\/revisions"}],"predecessor-version":[{"id":16970,"href":"https:\/\/zkn-verein.de\/ar\/wp-json\/wp\/v2\/pages\/9240\/revisions\/16970"}],"wp:featuredmedia":[{"embeddable":true,"href":"https:\/\/zkn-verein.de\/ar\/wp-json\/wp\/v2\/media\/14822"}],"wp:attachment":[{"href":"https:\/\/zkn-verein.de\/ar\/wp-json\/wp\/v2\/media?parent=9240"}],"curies":[{"name":"wp","href":"https:\/\/api.w.org\/{rel}","templated":true}]}}