{"id":722,"date":"2020-02-20T22:34:36","date_gmt":"2020-02-20T21:34:36","guid":{"rendered":"http:\/\/zkn-verein.de\/?page_id=722"},"modified":"2020-02-20T22:34:36","modified_gmt":"2020-02-20T21:34:36","slug":"versorgung-von-medizinischen-einrichtungen","status":"publish","type":"page","link":"https:\/\/zkn-verein.de\/ar\/versorgung-von-medizinischen-einrichtungen\/","title":{"rendered":"\u062f\u0639\u0645 \u0627\u0644\u0648\u062d\u062f\u0627\u062a \u0627\u0644\u0635\u062d\u064a\u0629"},"content":{"rendered":"\n<p class=\"has-text-align-right has-medium-font-size\">\u0646\u0641\u0630\u062a \u0645\u0624\u0633\u0633\u0629 \u0645\u0639\u0627 \u0644\u0644\u0623\u0637\u0641\u0627\u0644 \u0644\u0644\u0625\u063a\u0627\u062b\u0629 \u0648\u0627\u0644\u062a\u0646\u0645\u064a\u0629 \u0627\u0644\u062d\u0645\u0644\u0629 \u0627\u0644\u0635\u062d\u064a\u0629 \u0644\u0644\u0625\u0633\u0647\u0627\u0645 \u0641\u0649 \u0645\u0643\u0627\u0641\u062d\u0629 \u062d\u0645\u0649 \u0627\u0644\u0636\u0646\u0643 \u0641\u0649 \u0645\u062d\u0627\u0641\u0638\u0629 \u0627\u0644\u062d\u062f\u064a\u062f\u0629 &#8211; \u0627\u0644\u064a\u0645\u0646 \u2026 \u062d\u064a\u062b \u062a\u0639\u0627\u0646\u064a \u0627\u0644\u0645\u0646\u0637\u0642\u0629 \u0645\u0646 \u0625\u0646\u062a\u0634\u0627\u0631 \u0627\u0644\u0623\u0645\u0631\u0627\u0636 \u0648\u0627\u0644\u0627\u0648\u0628\u064a\u0629 \u0646\u062a\u064a\u062c\u0629 \u0644\u0646\u0642\u0635 \u0648\u0634\u062d\u0629 \u0627\u0644\u062e\u062f\u0645\u0627\u062a \u0627\u0644\u0637\u0628\u064a\u0629 \u0648\u0641\u0642\u062f\u0627\u0646 \u0627\u0644\u0648\u0639\u064a \u0627\u0644\u0635\u062d\u064a \u0648\u0627\u0646\u062a\u0634\u0627\u0631 \u0627\u0644\u0641\u0642\u0631 \u0648\u0627\u0644\u062d\u0627\u062c\u0629.<br>\u062a\u0634\u0643\u0631 \u0627\u0644\u0645\u0624\u0633\u0633\u0629 \u0643\u0644 \u0645\u0646 \u0633\u0627\u0647\u0645 \u0641\u0649 \u0647\u0630\u0627 \u0627\u0644\u0639\u0645\u0644 \u0627\u0644\u062e\u064a\u0631\u064a \u0648\u0645\u0627\u0632\u0627\u0644 \u0628\u0627\u0628 \u0627\u0644\u062e\u064a\u0631 \u0645\u0641\u062a\u0648\u062d \u0644\u0644\u0645\u0633\u0627\u0647\u0645\u0629 \u0641\u0649 \u062d\u0645\u0644\u0627\u062a\u0647\u0627 \u0627\u0644\u0642\u0627\u062f\u0645\u0629 \u0648\u0644\u0644\u062a\u0628\u0631\u0639 \u0639\u0644\u0649 \u062d\u0633\u0627\u0628 \u0627\u0644\u062c\u0645\u0639\u064a\u0629 \u0627\u0644\u0645\u0648\u0636\u062d \u0641\u0649 \u0627\u0644\u0645\u0648\u0642\u0639.<\/p>\n\n\n\n<figure class=\"wp-block-image\"><img decoding=\"async\" src=\"https:\/\/i0.wp.com\/zkn-verein.de\/wp-content\/uploads\/2020\/02\/IMG-20200225-WA0002.jpg?fit=1024%2C510\" alt=\"\" class=\"wp-image-1044\"\/><\/figure>\n\n\n\n<figure class=\"wp-block-image\"><img decoding=\"async\" src=\"https:\/\/i0.wp.com\/zkn-verein.de\/wp-content\/uploads\/2020\/02\/IMG-20200225-WA0001.jpg?fit=1024%2C576\" alt=\"\" class=\"wp-image-1040\"\/><\/figure>\n\n\n\n<figure class=\"wp-block-image\"><img decoding=\"async\" src=\"http:\/\/zkn-verein.de\/wp-content\/uploads\/2020\/02\/IMG-20200225-WA0000.jpg\" alt=\"\" class=\"wp-image-1042\"\/><\/figure>\n","protected":false},"excerpt":{"rendered":"<p>\u0646\u0641\u0630\u062a \u0645\u0624\u0633\u0633\u0629 \u0645\u0639\u0627 \u0644\u0644\u0623\u0637\u0641\u0627\u0644 \u0644\u0644\u0625\u063a\u0627\u062b\u0629 \u0648\u0627\u0644\u062a\u0646\u0645\u064a\u0629 \u0627\u0644\u062d\u0645\u0644\u0629 \u0627\u0644\u0635\u062d\u064a\u0629 \u0644\u0644\u0625\u0633\u0647\u0627\u0645 \u0641\u0649 \u0645\u0643\u0627\u0641\u062d\u0629 \u062d\u0645\u0649 \u0627\u0644\u0636\u0646\u0643 \u0641\u0649 \u0645\u062d\u0627\u0641\u0638\u0629 \u0627\u0644\u062d\u062f\u064a\u062f\u0629 &#8211; \u0627\u0644\u064a\u0645\u0646 \u2026 \u062d\u064a\u062b \u062a\u0639\u0627\u0646\u064a \u0627\u0644\u0645\u0646\u0637\u0642\u0629 \u0645\u0646 \u0625\u0646\u062a\u0634\u0627\u0631 \u0627\u0644\u0623\u0645\u0631\u0627\u0636 \u0648\u0627\u0644\u0627\u0648\u0628\u064a\u0629 \u0646\u062a\u064a\u062c\u0629 \u0644\u0646\u0642\u0635 \u0648\u0634\u062d\u0629 \u0627\u0644\u062e\u062f\u0645\u0627\u062a \u0627\u0644\u0637\u0628\u064a\u0629 \u0648\u0641\u0642\u062f\u0627\u0646 \u0627\u0644\u0648\u0639\u064a \u0627\u0644\u0635\u062d\u064a \u0648\u0627\u0646\u062a\u0634\u0627\u0631 \u0627\u0644\u0641\u0642\u0631 \u0648\u0627\u0644\u062d\u0627\u062c\u0629.\u062a\u0634\u0643\u0631 \u0627\u0644\u0645\u0624\u0633\u0633\u0629 \u0643\u0644 \u0645\u0646 \u0633\u0627\u0647\u0645 \u0641\u0649 \u0647\u0630\u0627 \u0627\u0644\u0639\u0645\u0644 \u0627\u0644\u062e\u064a\u0631\u064a \u0648\u0645\u0627\u0632\u0627\u0644 \u0628\u0627\u0628 \u0627\u0644\u062e\u064a\u0631 \u0645\u0641\u062a\u0648\u062d \u0644\u0644\u0645\u0633\u0627\u0647\u0645\u0629 \u0641\u0649 \u062d\u0645\u0644\u0627\u062a\u0647\u0627 \u0627\u0644\u0642\u0627\u062f\u0645\u0629 \u0648\u0644\u0644\u062a\u0628\u0631\u0639 \u0639\u0644\u0649 &hellip;<\/p>\n","protected":false},"author":1,"featured_media":0,"parent":0,"menu_order":0,"comment_status":"closed","ping_status":"closed","template":"","meta":{"footnotes":""},"class_list":["post-722","page","type-page","status-publish","hentry"],"yoast_head":"<!-- This site is optimized with the Yoast SEO plugin v21.5 - https:\/\/yoast.com\/wordpress\/plugins\/seo\/ -->\n<title>\u062f\u0639\u0645 \u0627\u0644\u0648\u062d\u062f\u0627\u062a \u0627\u0644\u0635\u062d\u064a\u0629 - Zusammen f\u00fcr Kinder in Not e.V.<\/title>\n<meta name=\"robots\" content=\"index, follow, max-snippet:-1, max-image-preview:large, max-video-preview:-1\" \/>\n<link rel=\"canonical\" href=\"https:\/\/zkn-verein.de\/versorgung-von-medizinischen-einrichtungen\/\" \/>\n<meta property=\"og:locale\" content=\"ar_AR\" \/>\n<meta property=\"og:type\" content=\"article\" \/>\n<meta property=\"og:title\" content=\"\u062f\u0639\u0645 \u0627\u0644\u0648\u062d\u062f\u0627\u062a \u0627\u0644\u0635\u062d\u064a\u0629 - Zusammen f\u00fcr Kinder in Not e.V.\" \/>\n<meta property=\"og:description\" content=\"\u0646\u0641\u0630\u062a \u0645\u0624\u0633\u0633\u0629 \u0645\u0639\u0627 \u0644\u0644\u0623\u0637\u0641\u0627\u0644 \u0644\u0644\u0625\u063a\u0627\u062b\u0629 \u0648\u0627\u0644\u062a\u0646\u0645\u064a\u0629 \u0627\u0644\u062d\u0645\u0644\u0629 \u0627\u0644\u0635\u062d\u064a\u0629 \u0644\u0644\u0625\u0633\u0647\u0627\u0645 \u0641\u0649 \u0645\u0643\u0627\u0641\u062d\u0629 \u062d\u0645\u0649 \u0627\u0644\u0636\u0646\u0643 \u0641\u0649 \u0645\u062d\u0627\u0641\u0638\u0629 \u0627\u0644\u062d\u062f\u064a\u062f\u0629 &#8211; \u0627\u0644\u064a\u0645\u0646 \u2026 \u062d\u064a\u062b \u062a\u0639\u0627\u0646\u064a \u0627\u0644\u0645\u0646\u0637\u0642\u0629 \u0645\u0646 \u0625\u0646\u062a\u0634\u0627\u0631 \u0627\u0644\u0623\u0645\u0631\u0627\u0636 \u0648\u0627\u0644\u0627\u0648\u0628\u064a\u0629 \u0646\u062a\u064a\u062c\u0629 \u0644\u0646\u0642\u0635 \u0648\u0634\u062d\u0629 \u0627\u0644\u062e\u062f\u0645\u0627\u062a \u0627\u0644\u0637\u0628\u064a\u0629 \u0648\u0641\u0642\u062f\u0627\u0646 \u0627\u0644\u0648\u0639\u064a \u0627\u0644\u0635\u062d\u064a \u0648\u0627\u0646\u062a\u0634\u0627\u0631 \u0627\u0644\u0641\u0642\u0631 \u0648\u0627\u0644\u062d\u0627\u062c\u0629.\u062a\u0634\u0643\u0631 \u0627\u0644\u0645\u0624\u0633\u0633\u0629 \u0643\u0644 \u0645\u0646 \u0633\u0627\u0647\u0645 \u0641\u0649 \u0647\u0630\u0627 \u0627\u0644\u0639\u0645\u0644 \u0627\u0644\u062e\u064a\u0631\u064a \u0648\u0645\u0627\u0632\u0627\u0644 \u0628\u0627\u0628 \u0627\u0644\u062e\u064a\u0631 \u0645\u0641\u062a\u0648\u062d \u0644\u0644\u0645\u0633\u0627\u0647\u0645\u0629 \u0641\u0649 \u062d\u0645\u0644\u0627\u062a\u0647\u0627 \u0627\u0644\u0642\u0627\u062f\u0645\u0629 \u0648\u0644\u0644\u062a\u0628\u0631\u0639 \u0639\u0644\u0649 &hellip;\" \/>\n<meta property=\"og:url\" content=\"https:\/\/zkn-verein.de\/versorgung-von-medizinischen-einrichtungen\/\" \/>\n<meta property=\"og:site_name\" content=\"Zusammen f\u00fcr Kinder in Not e.V.\" \/>\n<meta property=\"og:image\" content=\"https:\/\/i0.wp.com\/zkn-verein.de\/wp-content\/uploads\/2020\/02\/IMG-20200225-WA0002.jpg?fit=1024%2C510\" \/>\n<meta name=\"twitter:card\" content=\"summary_large_image\" \/>\n<script type=\"application\/ld+json\" class=\"yoast-schema-graph\">{\"@context\":\"https:\/\/schema.org\",\"@graph\":[{\"@type\":\"WebPage\",\"@id\":\"https:\/\/zkn-verein.de\/versorgung-von-medizinischen-einrichtungen\/\",\"url\":\"https:\/\/zkn-verein.de\/versorgung-von-medizinischen-einrichtungen\/\",\"name\":\"\u062f\u0639\u0645 \u0627\u0644\u0648\u062d\u062f\u0627\u062a \u0627\u0644\u0635\u062d\u064a\u0629 - Zusammen f\u00fcr Kinder in Not e.V.\",\"isPartOf\":{\"@id\":\"https:\/\/zkn-verein.de\/#website\"},\"datePublished\":\"2020-02-20T21:34:36+00:00\",\"dateModified\":\"2020-02-20T21:34:36+00:00\",\"inLanguage\":\"ar\",\"potentialAction\":[{\"@type\":\"ReadAction\",\"target\":[\"https:\/\/zkn-verein.de\/versorgung-von-medizinischen-einrichtungen\/\"]}]},{\"@type\":\"WebSite\",\"@id\":\"https:\/\/zkn-verein.de\/#website\",\"url\":\"https:\/\/zkn-verein.de\/\",\"name\":\"Zusammen f\u00fcr Kinder in Not e.V.\",\"description\":\"Zusammen f\u00fcr Kinder in Not e.V.\u201c, abgek\u00fcrzt: ZKN. Er hat den Sitz in Bonn \u2013 NRW- Deutschlad.  Der Verein setzt sich f\u00fcr bed\u00fcrftige und notleidende Kinder und Menschen weltweit, insbesondere in Entwicklungs- und Schwellenl\u00e4ndern sowie in Kriegs- und Krisengebieten. Der Verein ist konfessionell und politisch neutral. Die F\u00f6rderung ist nicht auf bestimmte L\u00e4nder oder Konfessionen beschr\u00e4nkt.\",\"potentialAction\":[{\"@type\":\"SearchAction\",\"target\":{\"@type\":\"EntryPoint\",\"urlTemplate\":\"https:\/\/zkn-verein.de\/?s={search_term_string}\"},\"query-input\":\"required name=search_term_string\"}],\"inLanguage\":\"ar\"}]}<\/script>\n<!-- \/ Yoast SEO plugin. -->","yoast_head_json":{"title":"\u062f\u0639\u0645 \u0627\u0644\u0648\u062d\u062f\u0627\u062a \u0627\u0644\u0635\u062d\u064a\u0629 - Zusammen f\u00fcr Kinder in Not e.V.","robots":{"index":"index","follow":"follow","max-snippet":"max-snippet:-1","max-image-preview":"max-image-preview:large","max-video-preview":"max-video-preview:-1"},"canonical":"https:\/\/zkn-verein.de\/versorgung-von-medizinischen-einrichtungen\/","og_locale":"ar_AR","og_type":"article","og_title":"\u062f\u0639\u0645 \u0627\u0644\u0648\u062d\u062f\u0627\u062a \u0627\u0644\u0635\u062d\u064a\u0629 - Zusammen f\u00fcr Kinder in Not e.V.","og_description":"\u0646\u0641\u0630\u062a \u0645\u0624\u0633\u0633\u0629 \u0645\u0639\u0627 \u0644\u0644\u0623\u0637\u0641\u0627\u0644 \u0644\u0644\u0625\u063a\u0627\u062b\u0629 \u0648\u0627\u0644\u062a\u0646\u0645\u064a\u0629 \u0627\u0644\u062d\u0645\u0644\u0629 \u0627\u0644\u0635\u062d\u064a\u0629 \u0644\u0644\u0625\u0633\u0647\u0627\u0645 \u0641\u0649 \u0645\u0643\u0627\u0641\u062d\u0629 \u062d\u0645\u0649 \u0627\u0644\u0636\u0646\u0643 \u0641\u0649 \u0645\u062d\u0627\u0641\u0638\u0629 \u0627\u0644\u062d\u062f\u064a\u062f\u0629 &#8211; \u0627\u0644\u064a\u0645\u0646 \u2026 \u062d\u064a\u062b \u062a\u0639\u0627\u0646\u064a \u0627\u0644\u0645\u0646\u0637\u0642\u0629 \u0645\u0646 \u0625\u0646\u062a\u0634\u0627\u0631 \u0627\u0644\u0623\u0645\u0631\u0627\u0636 \u0648\u0627\u0644\u0627\u0648\u0628\u064a\u0629 \u0646\u062a\u064a\u062c\u0629 \u0644\u0646\u0642\u0635 \u0648\u0634\u062d\u0629 \u0627\u0644\u062e\u062f\u0645\u0627\u062a \u0627\u0644\u0637\u0628\u064a\u0629 \u0648\u0641\u0642\u062f\u0627\u0646 \u0627\u0644\u0648\u0639\u064a \u0627\u0644\u0635\u062d\u064a \u0648\u0627\u0646\u062a\u0634\u0627\u0631 \u0627\u0644\u0641\u0642\u0631 \u0648\u0627\u0644\u062d\u0627\u062c\u0629.\u062a\u0634\u0643\u0631 \u0627\u0644\u0645\u0624\u0633\u0633\u0629 \u0643\u0644 \u0645\u0646 \u0633\u0627\u0647\u0645 \u0641\u0649 \u0647\u0630\u0627 \u0627\u0644\u0639\u0645\u0644 \u0627\u0644\u062e\u064a\u0631\u064a \u0648\u0645\u0627\u0632\u0627\u0644 \u0628\u0627\u0628 \u0627\u0644\u062e\u064a\u0631 \u0645\u0641\u062a\u0648\u062d \u0644\u0644\u0645\u0633\u0627\u0647\u0645\u0629 \u0641\u0649 \u062d\u0645\u0644\u0627\u062a\u0647\u0627 \u0627\u0644\u0642\u0627\u062f\u0645\u0629 \u0648\u0644\u0644\u062a\u0628\u0631\u0639 \u0639\u0644\u0649 &hellip;","og_url":"https:\/\/zkn-verein.de\/versorgung-von-medizinischen-einrichtungen\/","og_site_name":"Zusammen f\u00fcr Kinder in Not e.V.","og_image":[{"url":"https:\/\/i0.wp.com\/zkn-verein.de\/wp-content\/uploads\/2020\/02\/IMG-20200225-WA0002.jpg?fit=1024%2C510"}],"twitter_card":"summary_large_image","schema":{"@context":"https:\/\/schema.org","@graph":[{"@type":"WebPage","@id":"https:\/\/zkn-verein.de\/versorgung-von-medizinischen-einrichtungen\/","url":"https:\/\/zkn-verein.de\/versorgung-von-medizinischen-einrichtungen\/","name":"\u062f\u0639\u0645 \u0627\u0644\u0648\u062d\u062f\u0627\u062a \u0627\u0644\u0635\u062d\u064a\u0629 - Zusammen f\u00fcr Kinder in Not e.V.","isPartOf":{"@id":"https:\/\/zkn-verein.de\/#website"},"datePublished":"2020-02-20T21:34:36+00:00","dateModified":"2020-02-20T21:34:36+00:00","inLanguage":"ar","potentialAction":[{"@type":"ReadAction","target":["https:\/\/zkn-verein.de\/versorgung-von-medizinischen-einrichtungen\/"]}]},{"@type":"WebSite","@id":"https:\/\/zkn-verein.de\/#website","url":"https:\/\/zkn-verein.de\/","name":"Zusammen f\u00fcr Kinder in Not e.V.","description":"Zusammen f\u00fcr Kinder in Not e.V.\u201c, abgek\u00fcrzt: ZKN. Er hat den Sitz in Bonn \u2013 NRW- Deutschlad.  Der Verein setzt sich f\u00fcr bed\u00fcrftige und notleidende Kinder und Menschen weltweit, insbesondere in Entwicklungs- und Schwellenl\u00e4ndern sowie in Kriegs- und Krisengebieten. Der Verein ist konfessionell und politisch neutral. Die F\u00f6rderung ist nicht auf bestimmte L\u00e4nder oder Konfessionen beschr\u00e4nkt.","potentialAction":[{"@type":"SearchAction","target":{"@type":"EntryPoint","urlTemplate":"https:\/\/zkn-verein.de\/?s={search_term_string}"},"query-input":"required name=search_term_string"}],"inLanguage":"ar"}]}},"_links":{"self":[{"href":"https:\/\/zkn-verein.de\/ar\/wp-json\/wp\/v2\/pages\/722","targetHints":{"allow":["GET"]}}],"collection":[{"href":"https:\/\/zkn-verein.de\/ar\/wp-json\/wp\/v2\/pages"}],"about":[{"href":"https:\/\/zkn-verein.de\/ar\/wp-json\/wp\/v2\/types\/page"}],"author":[{"embeddable":true,"href":"https:\/\/zkn-verein.de\/ar\/wp-json\/wp\/v2\/users\/1"}],"replies":[{"embeddable":true,"href":"https:\/\/zkn-verein.de\/ar\/wp-json\/wp\/v2\/comments?post=722"}],"version-history":[{"count":0,"href":"https:\/\/zkn-verein.de\/ar\/wp-json\/wp\/v2\/pages\/722\/revisions"}],"wp:attachment":[{"href":"https:\/\/zkn-verein.de\/ar\/wp-json\/wp\/v2\/media?parent=722"}],"curies":[{"name":"wp","href":"https:\/\/api.w.org\/{rel}","templated":true}]}}