{"id":5608,"date":"2021-04-05T19:50:53","date_gmt":"2021-04-05T17:50:53","guid":{"rendered":"https:\/\/zkn-verein.de\/%d9%85%d9%86-%d9%86%d8%ad%d9%86\/"},"modified":"2024-09-24T20:49:25","modified_gmt":"2024-09-24T18:49:25","slug":"about-as","status":"publish","type":"page","link":"https:\/\/zkn-verein.de\/ar\/about-as\/","title":{"rendered":"\u0645\u0646 \u0646\u062d\u0646"},"content":{"rendered":"<h2 style=\"text-align: right;\"><span style=\"color: #993300;\">\u0639\u0646 \u0627\u0644\u0645\u0624\u0633\u0633\u0629:<\/span><\/h2>\n<h3 style=\"text-align: right;\">\u062a\u0633\u0645\u0649 \u0627\u0644\u0645\u0624\u0633\u0633\u0629 &#8221; <span style=\"color: #0000ff;\">\u0645\u0639\u064b\u0627 \u0645\u0646 \u0623\u062c\u0644 \u0627\u0644\u0623\u0637\u0641\u0627\u0644 \u0627\u0644\u0645\u062d\u062a\u0627\u062c\u064a\u0646<\/span> &#8221; \u060c \u0648 \u064a\u0642\u0639 \u0645\u0642\u0631\u0647\u0627 \u0641\u064a \u0645\u062f\u064a\u0646\u0629 \u0628\u0648\u0646 \u0641\u0649 \u0645\u0642\u0627\u0637\u0639\u0629 \u0634\u0645\u0627\u0644 \u0627\u0644\u0631\u0627\u064a\u0646 &#8211; \u0623\u0644\u0645\u0627\u0646\u064a\u0627.<br \/>\n\u062a\u0633\u0639\u0649 \u0627\u0644\u0645\u0624\u0633\u0633\u0629 \u0628\u0634\u0643\u0644 \u062d\u0635\u0631\u064a \u0648\u0645\u0628\u0627\u0634\u0631 \u0625\u0644\u0649 \u0623\u063a\u0631\u0627\u0636 \u063a\u064a\u0631 \u0631\u0628\u062d\u064a\u0629 \u0623\u0648 \u062e\u064a\u0631\u064a\u0629 \u0628\u0627\u0644\u0645\u0639\u0646\u0649 \u0627\u0644\u0645\u0642\u0635\u0648\u062f \u0641\u064a \u0642\u0633\u0645 &#8221; \u0627\u0644\u0623\u063a\u0631\u0627\u0636 \u0630\u0627\u062a \u0627\u0644\u0627\u0645\u062a\u064a\u0627\u0632 \u0627\u0644\u0636\u0631\u064a\u0628\u064a &#8221; \u0645\u0646 \u0642\u0627\u0646\u0648\u0646 \u0627\u0644\u0636\u0631\u0627\u0626\u0628.<\/h3>\n<h3 style=\"text-align: right;\">\u062a\u0633\u0639\u0649 \u0627\u0644\u0645\u0624\u0633\u0633\u0629 \u0623\u0646 \u062a\u0642\u062f\u0645 \u0645\u0633\u0627\u0647\u0645\u0629 \u0641\u064a \u0646\u0637\u0627\u0642 \u0625\u0645\u0643\u0627\u0646\u064a\u0627\u062a\u0647\u0627 \u0627\u0644\u0645\u0627\u062f\u064a\u0629 \u0644\u0644\u062a\u062e\u0641\u064a\u0641 \u0645\u0646 \u0645\u0639\u0627\u0646\u0627\u0629 \u0648\u0628\u0624\u0633 \u0627\u0644\u0645\u062d\u062a\u0627\u062c\u064a\u0646 \u0648\u062e\u0627\u0635\u0629 \u0627\u0644\u0623\u0637\u0641\u0627\u0644.<\/h3>\n<h3 style=\"text-align: right;\">\u062a\u0639\u0645\u0644 \u0627\u0644\u0645\u0624\u0633\u0633\u0629 \u0644\u0635\u0627\u0644\u062d \u0627\u0644\u0623\u0637\u0641\u0627\u0644 \u0648\u0627\u0644\u0623\u0634\u062e\u0627\u0635 \u0627\u0644\u0645\u062d\u062a\u0627\u062c\u064a\u0646 \u0641\u064a \u062c\u0645\u064a\u0639 \u0623\u0646\u062d\u0627\u0621 \u0627\u0644\u0639\u0627\u0644\u0645 \u060c \u0648\u062e\u0627\u0635\u0629 \u0641\u064a \u0627\u0644\u0628\u0644\u062f\u0627\u0646 \u0627\u0644\u0646\u0627\u0645\u064a\u0629 \u0648\u0627\u0644\u0646\u0627\u0634\u0626\u0629 \u0648\u0643\u0630\u0644\u0643 \u0641\u064a \u0645\u0646\u0627\u0637\u0642 \u0627\u0644\u062d\u0631\u0648\u0628 \u0648\u0627\u0644\u0623\u0632\u0645\u0627\u062a. \u0627\u0644\u0645\u0624\u0633\u0633\u0629 \u0645\u062d\u0627\u064a\u062f\u0629 \u0633\u064a\u0627\u0633\u064a\u0627\u064b \u0648\u063a\u064a\u0631 \u0637\u0627\u0626\u0641\u064a\u0629 \u0648 \u0644\u0627 \u064a\u0642\u062a\u0635\u0631 \u062f\u0639\u0645\u0647\u0627 \u0639\u0644\u0649 \u062f\u0648\u0644 \u0623\u0648 \u0641\u0626\u0627\u062a \u0645\u0639\u064a\u0646\u0629.<\/h3>\n<h2 style=\"text-align: right;\"><span style=\"color: #993300;\">\u0627\u0644\u0647\u062f\u0641 \u0627\u0644\u0639\u0627\u0645 \u0644\u0644\u0645\u0624\u0633\u0633\u0629:<\/span><\/h2>\n<h3 style=\"text-align: right;\">\u0627\u0644\u0647\u062f\u0641 \u0645\u0646 \u0627\u0644\u0645\u0624\u0633\u0633\u0629 \u0647\u0648 \u0645\u0633\u0627\u0639\u062f\u0629 \u0627\u0644\u0623\u0637\u0641\u0627\u0644 \u0627\u0644\u0645\u062d\u062a\u0627\u062c\u064a\u0646 \u0648\u0623\u0633\u0631\u0647\u0645 \u0648\u063a\u064a\u0631\u0647\u0645 \u0645\u0646 \u0627\u0644\u0645\u062d\u062a\u0627\u062c\u064a\u0646 \u062d\u062a\u0649 \u064a\u062a\u0645\u0643\u0646\u0648\u0627 \u0645\u0646 \u0627\u0644\u062a\u0639\u0627\u0645\u0644 \u0645\u0639 \u0645\u0648\u0627\u0642\u0641 \u062d\u064a\u0627\u062a\u0647\u0645 \u0627\u0644\u0635\u0639\u0628\u0629 \u0648\u062a\u062d\u0633\u064a\u0646 \u0623\u0648\u0636\u0627\u0639\u0647\u0645 \u0627\u0644\u0645\u0639\u064a\u0634\u064a\u0629. \u062a\u062a\u0628\u0639 \u0627\u0644\u062c\u0645\u0639\u064a\u0629 \u0625\u0644\u0649 \u062d\u062f \u0643\u0628\u064a\u0631 \u0645\u0628\u062f\u0623 &#8221; \u0645\u0633\u0627\u0639\u062f\u0629 \u0627\u0644\u0646\u0627\u0633 \u0639\u0644\u0649 \u0645\u0633\u0627\u0639\u062f\u0629 \u0623\u0646\u0641\u0633\u0647\u0645 &#8220;. \u062a\u062d\u0642\u0642 \u0627\u0644\u062c\u0645\u0639\u064a\u0629 \u0647\u0630\u0627 \u0627\u0644\u063a\u0631\u0636 \u0645\u0646 \u062e\u0644\u0627\u0644 \u062a\u062f\u0627\u0628\u064a\u0631 \u0648\u0645\u0634\u0627\u0631\u064a\u0639 \u0645\u062e\u062a\u0644\u0641\u0629.<\/h3>\n<h2 style=\"text-align: right;\"><span style=\"color: #993300;\">\u0645\u0627 \u064a\u0645\u064a\u0632\u0646\u0627:<\/span><\/h2>\n<h3 class=\"has-text-align-right\">\u062a\u0646\u0641\u064a\u0630 \u0645\u0639\u0627\u064a\u064a\u0631 \u0627\u0644\u0634\u0641\u0627\u0641\u064a\u0629.<\/h3>\n<h3 class=\"has-text-align-right\">\u0636\u0645\u0627\u0646 \u0648\u0635\u0648\u0644 \u0627\u0644\u0645\u0633\u0627\u0639\u062f\u0627\u062a \u0625\u0644\u0649 \u0645\u0633\u062a\u062d\u0642\u064a\u0647\u0627.<\/h3>\n<h3 class=\"has-text-align-right\">\u062a\u0633\u0639\u0649 \u0627\u0644\u0645\u0624\u0633\u0633\u0629 \u0644\u062a\u0648\u0641\u064a\u0631 \u0627\u0644\u062d\u0644\u0648\u0644 \u0627\u0644\u0645\u0633\u062a\u062f\u0627\u0645\u0629 \u0648\u0627\u0644\u0627\u0643\u062a\u0641\u0627\u0621 \u0627\u0644\u0630\u0627\u062a\u064a.<\/h3>\n<h3 class=\"has-text-align-right\">\u0625\u0635\u062f\u0627\u0631 \u0633\u0646\u062f\u0627\u062a \u0644\u0644\u0645\u0628\u0627\u0644\u063a \u0627\u0644\u0645\u062a\u0628\u0631\u0639 \u0628\u0647\u0627 \u0644\u0623\u0639\u0641\u0627\u0646\u0647\u0627 \u0645\u0646 \u0627\u0644\u0636\u0631\u0627\u0626\u0628.<\/h3>\n<h2 class=\"has-text-align-right has-vivid-red-color has-text-color has-medium-font-size\">\u0645\u062c\u0644\u0633 \u0627\u0644\u0625\u062f\u0627\u0631\u0629:<\/h2>\n<p class=\"has-text-align-right\">1- <strong>\u0631\u0626\u064a\u0633 \u0627\u0644\u0645\u0624\u0633\u0633\u0629: \u0645. \u062e\u0627\u0644\u062f \u062d\u0633\u0646 (\u0627\u0644\u0639\u0641\u064a\u0641)<\/strong><\/p>\n<p class=\"has-text-align-right\"><strong>2- \u0646\u0627\u0626\u0628 \u0631\u0626\u064a\u0633 \u0627\u0644\u0645\u0624\u0633\u0633\u0629: \u062f. \u0639\u0628\u062f \u0627\u0644\u0639\u0644\u064a\u0645 \u0627\u0644\u0646\u062c\u0627\u0631<\/strong><\/p>\n<p style=\"text-align: right;\"><strong>3- <\/strong><strong>\u0627\u0644\u0645\u0633\u0624\u0648\u0644 \u0627\u0644\u062a\u0642\u0646\u064a: \u0645. \u0634\u0627\u062f\u064a \u0627\u0644\u0632\u0645\u0631<br \/>\n<\/strong><\/p>\n","protected":false},"excerpt":{"rendered":"<p>\u0639\u0646 \u0627\u0644\u0645\u0624\u0633\u0633\u0629: \u062a\u0633\u0645\u0649 \u0627\u0644\u0645\u0624\u0633\u0633\u0629 &#8221; \u0645\u0639\u064b\u0627 \u0645\u0646 \u0623\u062c\u0644 \u0627\u0644\u0623\u0637\u0641\u0627\u0644 \u0627\u0644\u0645\u062d\u062a\u0627\u062c\u064a\u0646 &#8221; \u060c \u0648 \u064a\u0642\u0639 \u0645\u0642\u0631\u0647\u0627 \u0641\u064a \u0645\u062f\u064a\u0646\u0629 \u0628\u0648\u0646 \u0641\u0649 \u0645\u0642\u0627\u0637\u0639\u0629 \u0634\u0645\u0627\u0644 \u0627\u0644\u0631\u0627\u064a\u0646 &#8211; \u0623\u0644\u0645\u0627\u0646\u064a\u0627. \u062a\u0633\u0639\u0649 \u0627\u0644\u0645\u0624\u0633\u0633\u0629 \u0628\u0634\u0643\u0644 \u062d\u0635\u0631\u064a \u0648\u0645\u0628\u0627\u0634\u0631 \u0625\u0644\u0649 \u0623\u063a\u0631\u0627\u0636 \u063a\u064a\u0631 \u0631\u0628\u062d\u064a\u0629 \u0623\u0648 \u062e\u064a\u0631\u064a\u0629 \u0628\u0627\u0644\u0645\u0639\u0646\u0649 \u0627\u0644\u0645\u0642\u0635\u0648\u062f \u0641\u064a \u0642\u0633\u0645 &#8221; \u0627\u0644\u0623\u063a\u0631\u0627\u0636 \u0630\u0627\u062a \u0627\u0644\u0627\u0645\u062a\u064a\u0627\u0632 \u0627\u0644\u0636\u0631\u064a\u0628\u064a &#8221; \u0645\u0646 \u0642\u0627\u0646\u0648\u0646 \u0627\u0644\u0636\u0631\u0627\u0626\u0628. \u062a\u0633\u0639\u0649 \u0627\u0644\u0645\u0624\u0633\u0633\u0629 \u0623\u0646 \u062a\u0642\u062f\u0645 \u0645\u0633\u0627\u0647\u0645\u0629 \u0641\u064a \u0646\u0637\u0627\u0642 &hellip;<\/p>\n","protected":false},"author":1,"featured_media":0,"parent":0,"menu_order":0,"comment_status":"closed","ping_status":"closed","template":"","meta":{"footnotes":""},"class_list":["post-5608","page","type-page","status-publish","hentry"],"yoast_head":"<!-- This site is optimized with the Yoast SEO plugin v21.5 - https:\/\/yoast.com\/wordpress\/plugins\/seo\/ -->\n<title>\u0645\u0646 \u0646\u062d\u0646 - Zusammen f\u00fcr Kinder in Not e.V.<\/title>\n<meta name=\"robots\" content=\"index, follow, max-snippet:-1, max-image-preview:large, max-video-preview:-1\" \/>\n<link rel=\"canonical\" href=\"https:\/\/zkn-verein.de\/ar\/about-as\/\" \/>\n<meta property=\"og:locale\" content=\"ar_AR\" \/>\n<meta property=\"og:type\" content=\"article\" \/>\n<meta property=\"og:title\" content=\"\u0645\u0646 \u0646\u062d\u0646 - Zusammen f\u00fcr Kinder in Not e.V.\" \/>\n<meta property=\"og:description\" content=\"\u0639\u0646 \u0627\u0644\u0645\u0624\u0633\u0633\u0629: \u062a\u0633\u0645\u0649 \u0627\u0644\u0645\u0624\u0633\u0633\u0629 &#8221; \u0645\u0639\u064b\u0627 \u0645\u0646 \u0623\u062c\u0644 \u0627\u0644\u0623\u0637\u0641\u0627\u0644 \u0627\u0644\u0645\u062d\u062a\u0627\u062c\u064a\u0646 &#8221; \u060c \u0648 \u064a\u0642\u0639 \u0645\u0642\u0631\u0647\u0627 \u0641\u064a \u0645\u062f\u064a\u0646\u0629 \u0628\u0648\u0646 \u0641\u0649 \u0645\u0642\u0627\u0637\u0639\u0629 \u0634\u0645\u0627\u0644 \u0627\u0644\u0631\u0627\u064a\u0646 &#8211; \u0623\u0644\u0645\u0627\u0646\u064a\u0627. \u062a\u0633\u0639\u0649 \u0627\u0644\u0645\u0624\u0633\u0633\u0629 \u0628\u0634\u0643\u0644 \u062d\u0635\u0631\u064a \u0648\u0645\u0628\u0627\u0634\u0631 \u0625\u0644\u0649 \u0623\u063a\u0631\u0627\u0636 \u063a\u064a\u0631 \u0631\u0628\u062d\u064a\u0629 \u0623\u0648 \u062e\u064a\u0631\u064a\u0629 \u0628\u0627\u0644\u0645\u0639\u0646\u0649 \u0627\u0644\u0645\u0642\u0635\u0648\u062f \u0641\u064a \u0642\u0633\u0645 &#8221; \u0627\u0644\u0623\u063a\u0631\u0627\u0636 \u0630\u0627\u062a \u0627\u0644\u0627\u0645\u062a\u064a\u0627\u0632 \u0627\u0644\u0636\u0631\u064a\u0628\u064a &#8221; \u0645\u0646 \u0642\u0627\u0646\u0648\u0646 \u0627\u0644\u0636\u0631\u0627\u0626\u0628. \u062a\u0633\u0639\u0649 \u0627\u0644\u0645\u0624\u0633\u0633\u0629 \u0623\u0646 \u062a\u0642\u062f\u0645 \u0645\u0633\u0627\u0647\u0645\u0629 \u0641\u064a \u0646\u0637\u0627\u0642 &hellip;\" \/>\n<meta property=\"og:url\" content=\"https:\/\/zkn-verein.de\/ar\/about-as\/\" \/>\n<meta property=\"og:site_name\" content=\"Zusammen f\u00fcr Kinder in Not e.V.\" \/>\n<meta property=\"article:modified_time\" content=\"2024-09-24T18:49:25+00:00\" \/>\n<meta property=\"og:image\" content=\"https:\/\/zkn-verein.de\/wp-content\/uploads\/2023\/10\/\u0635\u0641\u062d\u0629-\u0631\u0626\u064a\u0633\u064a\u0629.jpg\" \/>\n\t<meta property=\"og:image:width\" content=\"1366\" \/>\n\t<meta property=\"og:image:height\" content=\"768\" \/>\n\t<meta property=\"og:image:type\" content=\"image\/jpeg\" \/>\n<meta name=\"twitter:card\" content=\"summary_large_image\" \/>\n<meta name=\"twitter:label1\" content=\"\u0648\u0642\u062a \u0627\u0644\u0642\u0631\u0627\u0621\u0629 \u0627\u0644\u0645\u064f\u0642\u062f\u0651\u0631\" \/>\n\t<meta name=\"twitter:data1\" content=\"\u062f\u0642\u064a\u0642\u062a\u0627\u0646\" \/>\n<script type=\"application\/ld+json\" class=\"yoast-schema-graph\">{\"@context\":\"https:\/\/schema.org\",\"@graph\":[{\"@type\":\"WebPage\",\"@id\":\"https:\/\/zkn-verein.de\/ar\/about-as\/\",\"url\":\"https:\/\/zkn-verein.de\/ar\/about-as\/\",\"name\":\"\u0645\u0646 \u0646\u062d\u0646 - Zusammen f\u00fcr Kinder in Not e.V.\",\"isPartOf\":{\"@id\":\"https:\/\/zkn-verein.de\/#website\"},\"datePublished\":\"2021-04-05T17:50:53+00:00\",\"dateModified\":\"2024-09-24T18:49:25+00:00\",\"inLanguage\":\"ar\",\"potentialAction\":[{\"@type\":\"ReadAction\",\"target\":[\"https:\/\/zkn-verein.de\/ar\/about-as\/\"]}]},{\"@type\":\"WebSite\",\"@id\":\"https:\/\/zkn-verein.de\/#website\",\"url\":\"https:\/\/zkn-verein.de\/\",\"name\":\"Zusammen f\u00fcr Kinder in Not e.V.\",\"description\":\"Zusammen f\u00fcr Kinder in Not e.V.\u201c, abgek\u00fcrzt: ZKN. Er hat den Sitz in Bonn \u2013 NRW- Deutschlad.  Der Verein setzt sich f\u00fcr bed\u00fcrftige und notleidende Kinder und Menschen weltweit, insbesondere in Entwicklungs- und Schwellenl\u00e4ndern sowie in Kriegs- und Krisengebieten. Der Verein ist konfessionell und politisch neutral. Die F\u00f6rderung ist nicht auf bestimmte L\u00e4nder oder Konfessionen beschr\u00e4nkt.\",\"potentialAction\":[{\"@type\":\"SearchAction\",\"target\":{\"@type\":\"EntryPoint\",\"urlTemplate\":\"https:\/\/zkn-verein.de\/?s={search_term_string}\"},\"query-input\":\"required name=search_term_string\"}],\"inLanguage\":\"ar\"}]}<\/script>\n<!-- \/ Yoast SEO plugin. -->","yoast_head_json":{"title":"\u0645\u0646 \u0646\u062d\u0646 - Zusammen f\u00fcr Kinder in Not e.V.","robots":{"index":"index","follow":"follow","max-snippet":"max-snippet:-1","max-image-preview":"max-image-preview:large","max-video-preview":"max-video-preview:-1"},"canonical":"https:\/\/zkn-verein.de\/ar\/about-as\/","og_locale":"ar_AR","og_type":"article","og_title":"\u0645\u0646 \u0646\u062d\u0646 - Zusammen f\u00fcr Kinder in Not e.V.","og_description":"\u0639\u0646 \u0627\u0644\u0645\u0624\u0633\u0633\u0629: \u062a\u0633\u0645\u0649 \u0627\u0644\u0645\u0624\u0633\u0633\u0629 &#8221; \u0645\u0639\u064b\u0627 \u0645\u0646 \u0623\u062c\u0644 \u0627\u0644\u0623\u0637\u0641\u0627\u0644 \u0627\u0644\u0645\u062d\u062a\u0627\u062c\u064a\u0646 &#8221; \u060c \u0648 \u064a\u0642\u0639 \u0645\u0642\u0631\u0647\u0627 \u0641\u064a \u0645\u062f\u064a\u0646\u0629 \u0628\u0648\u0646 \u0641\u0649 \u0645\u0642\u0627\u0637\u0639\u0629 \u0634\u0645\u0627\u0644 \u0627\u0644\u0631\u0627\u064a\u0646 &#8211; \u0623\u0644\u0645\u0627\u0646\u064a\u0627. \u062a\u0633\u0639\u0649 \u0627\u0644\u0645\u0624\u0633\u0633\u0629 \u0628\u0634\u0643\u0644 \u062d\u0635\u0631\u064a \u0648\u0645\u0628\u0627\u0634\u0631 \u0625\u0644\u0649 \u0623\u063a\u0631\u0627\u0636 \u063a\u064a\u0631 \u0631\u0628\u062d\u064a\u0629 \u0623\u0648 \u062e\u064a\u0631\u064a\u0629 \u0628\u0627\u0644\u0645\u0639\u0646\u0649 \u0627\u0644\u0645\u0642\u0635\u0648\u062f \u0641\u064a \u0642\u0633\u0645 &#8221; \u0627\u0644\u0623\u063a\u0631\u0627\u0636 \u0630\u0627\u062a \u0627\u0644\u0627\u0645\u062a\u064a\u0627\u0632 \u0627\u0644\u0636\u0631\u064a\u0628\u064a &#8221; \u0645\u0646 \u0642\u0627\u0646\u0648\u0646 \u0627\u0644\u0636\u0631\u0627\u0626\u0628. \u062a\u0633\u0639\u0649 \u0627\u0644\u0645\u0624\u0633\u0633\u0629 \u0623\u0646 \u062a\u0642\u062f\u0645 \u0645\u0633\u0627\u0647\u0645\u0629 \u0641\u064a \u0646\u0637\u0627\u0642 &hellip;","og_url":"https:\/\/zkn-verein.de\/ar\/about-as\/","og_site_name":"Zusammen f\u00fcr Kinder in Not e.V.","article_modified_time":"2024-09-24T18:49:25+00:00","og_image":[{"width":1366,"height":768,"url":"https:\/\/zkn-verein.de\/wp-content\/uploads\/2023\/10\/\u0635\u0641\u062d\u0629-\u0631\u0626\u064a\u0633\u064a\u0629.jpg","type":"image\/jpeg"}],"twitter_card":"summary_large_image","twitter_misc":{"\u0648\u0642\u062a \u0627\u0644\u0642\u0631\u0627\u0621\u0629 \u0627\u0644\u0645\u064f\u0642\u062f\u0651\u0631":"\u062f\u0642\u064a\u0642\u062a\u0627\u0646"},"schema":{"@context":"https:\/\/schema.org","@graph":[{"@type":"WebPage","@id":"https:\/\/zkn-verein.de\/ar\/about-as\/","url":"https:\/\/zkn-verein.de\/ar\/about-as\/","name":"\u0645\u0646 \u0646\u062d\u0646 - Zusammen f\u00fcr Kinder in Not e.V.","isPartOf":{"@id":"https:\/\/zkn-verein.de\/#website"},"datePublished":"2021-04-05T17:50:53+00:00","dateModified":"2024-09-24T18:49:25+00:00","inLanguage":"ar","potentialAction":[{"@type":"ReadAction","target":["https:\/\/zkn-verein.de\/ar\/about-as\/"]}]},{"@type":"WebSite","@id":"https:\/\/zkn-verein.de\/#website","url":"https:\/\/zkn-verein.de\/","name":"Zusammen f\u00fcr Kinder in Not e.V.","description":"Zusammen f\u00fcr Kinder in Not e.V.\u201c, abgek\u00fcrzt: ZKN. Er hat den Sitz in Bonn \u2013 NRW- Deutschlad.  Der Verein setzt sich f\u00fcr bed\u00fcrftige und notleidende Kinder und Menschen weltweit, insbesondere in Entwicklungs- und Schwellenl\u00e4ndern sowie in Kriegs- und Krisengebieten. Der Verein ist konfessionell und politisch neutral. Die F\u00f6rderung ist nicht auf bestimmte L\u00e4nder oder Konfessionen beschr\u00e4nkt.","potentialAction":[{"@type":"SearchAction","target":{"@type":"EntryPoint","urlTemplate":"https:\/\/zkn-verein.de\/?s={search_term_string}"},"query-input":"required name=search_term_string"}],"inLanguage":"ar"}]}},"_links":{"self":[{"href":"https:\/\/zkn-verein.de\/ar\/wp-json\/wp\/v2\/pages\/5608","targetHints":{"allow":["GET"]}}],"collection":[{"href":"https:\/\/zkn-verein.de\/ar\/wp-json\/wp\/v2\/pages"}],"about":[{"href":"https:\/\/zkn-verein.de\/ar\/wp-json\/wp\/v2\/types\/page"}],"author":[{"embeddable":true,"href":"https:\/\/zkn-verein.de\/ar\/wp-json\/wp\/v2\/users\/1"}],"replies":[{"embeddable":true,"href":"https:\/\/zkn-verein.de\/ar\/wp-json\/wp\/v2\/comments?post=5608"}],"version-history":[{"count":1,"href":"https:\/\/zkn-verein.de\/ar\/wp-json\/wp\/v2\/pages\/5608\/revisions"}],"predecessor-version":[{"id":16390,"href":"https:\/\/zkn-verein.de\/ar\/wp-json\/wp\/v2\/pages\/5608\/revisions\/16390"}],"wp:attachment":[{"href":"https:\/\/zkn-verein.de\/ar\/wp-json\/wp\/v2\/media?parent=5608"}],"curies":[{"name":"wp","href":"https:\/\/api.w.org\/{rel}","templated":true}]}}