{"id":16078,"date":"2024-08-09T17:44:07","date_gmt":"2024-08-09T15:44:07","guid":{"rendered":"https:\/\/zkn-verein.de\/?page_id=16078"},"modified":"2024-08-11T13:18:42","modified_gmt":"2024-08-11T11:18:42","slug":"hilfsaktion-fuer-die-opfer-der-regenfluten-im-jemen","status":"publish","type":"page","link":"https:\/\/zkn-verein.de\/ar\/hilfsaktion-fuer-die-opfer-der-regenfluten-im-jemen\/","title":{"rendered":"Hilfsaktion f\u00fcr die Opfer der Regenfluten im Jemen\u200b"},"content":{"rendered":"\t\t<div data-elementor-type=\"wp-page\" data-elementor-id=\"16078\" class=\"elementor elementor-16078\">\n\t\t\t\t\t\t\t<div class=\"elementor-element elementor-element-03ab4c4 e-con-full e-flex e-con e-parent\" data-id=\"03ab4c4\" data-element_type=\"container\" data-settings=\"{&quot;content_width&quot;:&quot;full&quot;}\" data-core-v316-plus=\"true\">\n\t\t\t\t<div class=\"elementor-element elementor-element-3fcc183 elementor-widget elementor-widget-heading\" data-id=\"3fcc183\" data-element_type=\"widget\" data-widget_type=\"heading.default\">\n\t\t\t\t<div class=\"elementor-widget-container\">\n\t\t\t<style>\/*! elementor - v3.16.0 - 09-10-2023 *\/\n.elementor-heading-title{padding:0;margin:0;line-height:1}.elementor-widget-heading .elementor-heading-title[class*=elementor-size-]>a{color:inherit;font-size:inherit;line-height:inherit}.elementor-widget-heading .elementor-heading-title.elementor-size-small{font-size:15px}.elementor-widget-heading .elementor-heading-title.elementor-size-medium{font-size:19px}.elementor-widget-heading .elementor-heading-title.elementor-size-large{font-size:29px}.elementor-widget-heading .elementor-heading-title.elementor-size-xl{font-size:39px}.elementor-widget-heading .elementor-heading-title.elementor-size-xxl{font-size:59px}<\/style><h2 class=\"elementor-heading-title elementor-size-default\">\u0644\u0625\u063a\u0627\u062b\u0629 \u0627\u0644\u0645\u062a\u0636\u0631\u0631\u064a\u0646 \u0645\u0646 \u0627\u0644\u0633\u064a\u0648\u0644 \u0641\u064a \u062a\u0647\u0627\u0645\u0629 - \u0627\u0644\u064a\u0645\u0646<\/h2>\t\t<\/div>\n\t\t\t\t<\/div>\n\t\t\t\t<div class=\"elementor-element elementor-element-543bff5 elementor-widget elementor-widget-heading\" data-id=\"543bff5\" data-element_type=\"widget\" data-widget_type=\"heading.default\">\n\t\t\t\t<div class=\"elementor-widget-container\">\n\t\t\t<h2 class=\"elementor-heading-title elementor-size-default\">Hilfsaktion f\u00fcr die Opfer der \n\u00dcberschwemmungen im Jemen<\/h2>\t\t<\/div>\n\t\t\t\t<\/div>\n\t\t\t\t<\/div>\n\t\t<div class=\"elementor-element elementor-element-c0173f1 e-flex e-con-boxed e-con e-parent\" data-id=\"c0173f1\" data-element_type=\"container\" data-settings=\"{&quot;content_width&quot;:&quot;boxed&quot;}\" data-core-v316-plus=\"true\">\n\t\t\t\t\t<div class=\"e-con-inner\">\n\t\t\t\t<div class=\"elementor-element elementor-element-947066e elementor-widget elementor-widget-image\" data-id=\"947066e\" data-element_type=\"widget\" data-widget_type=\"image.default\">\n\t\t\t\t<div class=\"elementor-widget-container\">\n\t\t\t<style>\/*! elementor - v3.16.0 - 09-10-2023 *\/\n.elementor-widget-image{text-align:center}.elementor-widget-image a{display:inline-block}.elementor-widget-image a img[src$=\".svg\"]{width:48px}.elementor-widget-image img{vertical-align:middle;display:inline-block}<\/style>\t\t\t\t\t\t\t\t\t\t\t\t<img loading=\"lazy\" decoding=\"async\" width=\"817\" height=\"1024\" src=\"https:\/\/zkn-verein.de\/wp-content\/uploads\/2021\/11\/\u062d\u0645\u0644\u0629-\u0627\u063a\u0627\u062b\u0629-\u0645\u062a\u0636\u0631\u0631\u064a-\u0633\u064a\u0648\u0644-\u0627\u0644\u0623\u0645\u0637\u0627\u0631-\u0641\u064a-\u0627\u0644\u064a\u0645\u0646-Recovered-.png\" class=\"attachment-large size-large wp-image-16138\" alt=\"\" srcset=\"https:\/\/zkn-verein.de\/wp-content\/uploads\/2021\/11\/\u062d\u0645\u0644\u0629-\u0627\u063a\u0627\u062b\u0629-\u0645\u062a\u0636\u0631\u0631\u064a-\u0633\u064a\u0648\u0644-\u0627\u0644\u0623\u0645\u0637\u0627\u0631-\u0641\u064a-\u0627\u0644\u064a\u0645\u0646-Recovered-.png 2272w, https:\/\/zkn-verein.de\/wp-content\/uploads\/2021\/11\/\u062d\u0645\u0644\u0629-\u0627\u063a\u0627\u062b\u0629-\u0645\u062a\u0636\u0631\u0631\u064a-\u0633\u064a\u0648\u0644-\u0627\u0644\u0623\u0645\u0637\u0627\u0631-\u0641\u064a-\u0627\u0644\u064a\u0645\u0646-Recovered--239x300.png 239w, https:\/\/zkn-verein.de\/wp-content\/uploads\/2021\/11\/\u062d\u0645\u0644\u0629-\u0627\u063a\u0627\u062b\u0629-\u0645\u062a\u0636\u0631\u0631\u064a-\u0633\u064a\u0648\u0644-\u0627\u0644\u0623\u0645\u0637\u0627\u0631-\u0641\u064a-\u0627\u0644\u064a\u0645\u0646-Recovered--768x962.png 768w, https:\/\/zkn-verein.de\/wp-content\/uploads\/2021\/11\/\u062d\u0645\u0644\u0629-\u0627\u063a\u0627\u062b\u0629-\u0645\u062a\u0636\u0631\u0631\u064a-\u0633\u064a\u0648\u0644-\u0627\u0644\u0623\u0645\u0637\u0627\u0631-\u0641\u064a-\u0627\u0644\u064a\u0645\u0646-Recovered--1226x1536.png 1226w, https:\/\/zkn-verein.de\/wp-content\/uploads\/2021\/11\/\u062d\u0645\u0644\u0629-\u0627\u063a\u0627\u062b\u0629-\u0645\u062a\u0636\u0631\u0631\u064a-\u0633\u064a\u0648\u0644-\u0627\u0644\u0623\u0645\u0637\u0627\u0631-\u0641\u064a-\u0627\u0644\u064a\u0645\u0646-Recovered--1635x2048.png 1635w\" sizes=\"auto, (max-width: 817px) 100vw, 817px\" \/>\t\t\t\t\t\t\t\t\t\t\t\t\t\t\t<\/div>\n\t\t\t\t<\/div>\n\t\t\t\t<div class=\"elementor-element elementor-element-bb1f776 elementor-widget elementor-widget-heading\" data-id=\"bb1f776\" data-element_type=\"widget\" data-widget_type=\"heading.default\">\n\t\t\t\t<div class=\"elementor-widget-container\">\n\t\t\t<h3 class=\"elementor-heading-title elementor-size-default\">\u0641\u064a \u0638\u0644 \u0627\u0644\u0643\u0627\u0631\u062b\u0629 \u0627\u0644\u062a\u064a \u0627\u062c\u062a\u0627\u062d\u062a \u062a\u0647\u0627\u0645\u0629 \u0628\u0627\u0644\u062d\u062f\u064a\u062f\u0629\u060c \u0628\u0633\u0628\u0628 \u0633\u064a\u0648\u0644 \u0627\u0644\u0623\u0645\u0637\u0627\u0631 \u0623\u062f\u062a \u062a\u062e\u0644\u0641 \u0648\u0631\u0627\u0621\u0647\u0627 \u062f\u0645\u0648\u0639\u0627\u064b \u0648\u0622\u0644\u0627\u0645\u0627\u064b. \u0648\u0644\u0643\u0646 \u0628\u0625\u0645\u0643\u0627\u0646\u0646\u0627 \u0623\u0646 \u0646\u0643\u0648\u0646 \u0627\u0644\u0623\u0645\u0644 \u0627\u0644\u0630\u064a \u064a\u0646\u064a\u0631 \u0637\u0631\u064a\u0642\u0647\u0645 \u0645\u0646 \u062c\u062f\u064a\u062f. \u062a\u0628\u0631\u0639\u0643 \u0627\u0644\u064a\u0648\u0645 \u0647\u0648 \u0645\u0641\u062a\u0627\u062d \u0644\u0646\u062c\u0627\u0629 \u0639\u0627\u0626\u0644\u0627\u062a \u0643\u062b\u064a\u0631\u0629\u060c \u0641\u0643\u0644 \u0645\u0633\u0627\u0647\u0645\u0629 \u062a\u0639\u0646\u064a \u0641\u0631\u0642\u0627\u064b \u062d\u0642\u064a\u0642\u064a\u0627\u064b \u0641\u064a \u062d\u064a\u0627\u062a\u0647\u0645. \u0644\u0646\u0645\u062f \u064a\u062f \u0627\u0644\u0639\u0648\u0646 \u0648\u0646\u062a\u0634\u0627\u0631\u0643 \u0641\u064a \u0631\u0633\u0645 \u0627\u0628\u062a\u0633\u0627\u0645\u0629 \u0639\u0644\u0649 \u0648\u062c\u0648\u0647\u0647\u0645.<br><br><span style=\"font-family: var( --e-global-typography-primary-font-family ), Sans-serif; font-weight: var( --e-global-typography-primary-font-weight );\">Angesichts der Katastrophe, die Tehama in Al-Hudaydah heimgesucht hat und durch die \u00dcberschwemmungen Tr\u00e4nen und Schmerzen hinterlassen hat, k\u00f6nnen wir jedoch das Licht der Hoffnung sein, das ihren Weg neu erhellt. Ihre Spende heute ist der Schl\u00fcssel zur Rettung vieler Familien, jede Unterst\u00fctzung macht einen echten Unterschied in ihrem Leben. Lassen Sie uns die Hand ausstrecken und gemeinsam ein L\u00e4cheln auf ihre Gesichter zaubern.<\/span><\/h3>\t\t<\/div>\n\t\t\t\t<\/div>\n\t\t\t\t\t<\/div>\n\t\t\t\t<\/div>\n\t\t<div class=\"elementor-element elementor-element-0505973 e-flex e-con-boxed e-con e-parent\" data-id=\"0505973\" data-element_type=\"container\" data-settings=\"{&quot;content_width&quot;:&quot;boxed&quot;}\" data-core-v316-plus=\"true\">\n\t\t\t\t\t<div class=\"e-con-inner\">\n\t\t\t\t<div class=\"elementor-element elementor-element-406f8e7 elementor-widget__width-initial elementor-widget elementor-widget-video\" data-id=\"406f8e7\" data-element_type=\"widget\" data-settings=\"{&quot;youtube_url&quot;:&quot;https:\\\/\\\/youtu.be\\\/Bm2YVa7Cxtk?si=OcbKNEzqTONkeH_a&quot;,&quot;video_type&quot;:&quot;youtube&quot;,&quot;controls&quot;:&quot;yes&quot;}\" data-widget_type=\"video.default\">\n\t\t\t\t<div class=\"elementor-widget-container\">\n\t\t\t<style>\/*! elementor - v3.16.0 - 09-10-2023 *\/\n.elementor-widget-video .elementor-widget-container{overflow:hidden;transform:translateZ(0)}.elementor-widget-video .elementor-wrapper{aspect-ratio:var(--video-aspect-ratio)}.elementor-widget-video .elementor-wrapper iframe,.elementor-widget-video .elementor-wrapper video{height:100%;width:100%;display:flex;border:none;background-color:#000}@supports not (aspect-ratio:1\/1){.elementor-widget-video .elementor-wrapper{position:relative;overflow:hidden;height:0;padding-bottom:calc(100% \/ var(--video-aspect-ratio))}.elementor-widget-video .elementor-wrapper iframe,.elementor-widget-video .elementor-wrapper video{position:absolute;top:0;right:0;bottom:0;left:0}}.elementor-widget-video .elementor-open-inline .elementor-custom-embed-image-overlay{position:absolute;top:0;right:0;bottom:0;left:0;background-size:cover;background-position:50%}.elementor-widget-video .elementor-custom-embed-image-overlay{cursor:pointer;text-align:center}.elementor-widget-video .elementor-custom-embed-image-overlay:hover .elementor-custom-embed-play i{opacity:1}.elementor-widget-video .elementor-custom-embed-image-overlay img{display:block;width:100%;aspect-ratio:var(--video-aspect-ratio);-o-object-fit:cover;object-fit:cover;-o-object-position:center center;object-position:center center}@supports not (aspect-ratio:1\/1){.elementor-widget-video .elementor-custom-embed-image-overlay{position:relative;overflow:hidden;height:0;padding-bottom:calc(100% \/ var(--video-aspect-ratio))}.elementor-widget-video .elementor-custom-embed-image-overlay img{position:absolute;top:0;right:0;bottom:0;left:0}}.elementor-widget-video .e-hosted-video .elementor-video{-o-object-fit:cover;object-fit:cover}.e-con-inner>.elementor-widget-video,.e-con>.elementor-widget-video{width:var(--container-widget-width);--flex-grow:var(--container-widget-flex-grow)}<\/style>\t\t<div class=\"elementor-wrapper elementor-open-inline\">\n\t\t\t<div class=\"elementor-video\"><\/div>\t\t<\/div>\n\t\t\t\t<\/div>\n\t\t\t\t<\/div>\n\t\t\t\t\t<\/div>\n\t\t\t\t<\/div>\n\t\t\t\t<section class=\"elementor-section elementor-top-section elementor-element elementor-element-903b378 elementor-section-boxed elementor-section-height-default elementor-section-height-default\" data-id=\"903b378\" data-element_type=\"section\">\n\t\t\t\t\t\t<div class=\"elementor-container elementor-column-gap-default\">\n\t\t\t\t\t<div class=\"elementor-column elementor-col-100 elementor-top-column elementor-element elementor-element-81e8342\" data-id=\"81e8342\" data-element_type=\"column\">\n\t\t\t<div class=\"elementor-widget-wrap elementor-element-populated\">\n\t\t\t\t\t\t\t\t<div class=\"elementor-element elementor-element-a32f096 elementor-widget elementor-widget-text-editor\" data-id=\"a32f096\" data-element_type=\"widget\" data-widget_type=\"text-editor.default\">\n\t\t\t\t<div class=\"elementor-widget-container\">\n\t\t\t<style>\/*! elementor - v3.16.0 - 09-10-2023 *\/\n.elementor-widget-text-editor.elementor-drop-cap-view-stacked .elementor-drop-cap{background-color:#69727d;color:#fff}.elementor-widget-text-editor.elementor-drop-cap-view-framed .elementor-drop-cap{color:#69727d;border:3px solid;background-color:transparent}.elementor-widget-text-editor:not(.elementor-drop-cap-view-default) .elementor-drop-cap{margin-top:8px}.elementor-widget-text-editor:not(.elementor-drop-cap-view-default) .elementor-drop-cap-letter{width:1em;height:1em}.elementor-widget-text-editor .elementor-drop-cap{float:left;text-align:center;line-height:1;font-size:50px}.elementor-widget-text-editor .elementor-drop-cap-letter{display:inline-block}<\/style>\t\t\t\t\t\t\t\t\t\t<\/div>\n\t\t\t\t<\/div>\n\t\t\t\t<div class=\"elementor-element elementor-element-0fc9725 elementor-view-default elementor-widget elementor-widget-icon\" data-id=\"0fc9725\" data-element_type=\"widget\" data-widget_type=\"icon.default\">\n\t\t\t\t<div class=\"elementor-widget-container\">\n\t\t\t\t\t<div class=\"elementor-icon-wrapper\">\n\t\t\t<div class=\"elementor-icon\">\n\t\t\t<i aria-hidden=\"true\" class=\"fas fa-donate\"><\/i>\t\t\t<\/div>\n\t\t<\/div>\n\t\t\t\t<\/div>\n\t\t\t\t<\/div>\n\t\t\t\t<div class=\"elementor-element elementor-element-c13df8e elementor-widget elementor-widget-wp-widget-give_forms_widget\" data-id=\"c13df8e\" data-element_type=\"widget\" data-widget_type=\"wp-widget-give_forms_widget.default\">\n\t\t\t\t<div class=\"elementor-widget-container\">\n\t\t\t<div class=\"give-embed-form-wrapper\" id=\"give-69d8bf0f80c8f\"><iframe\n\t\t\t\tname=\"give-embed-form\"\n\t\t\t\tsrc=\"https:\/\/zkn-verein.de\/ar\/give\/winterbekleidungsprojekt-jemen\/?giveDonationFormInIframe=1\"\n\t\t\t\t\n\t\t\t\tdata-autoScroll=\"0\"\n\t\t\t\tonload=\"if( 'undefined' !== typeof Give ) { Give.initializeIframeResize(this) }\"\n\t\t\t\tstyle=\"border: 0;visibility: hidden;min-height: 546px;\"><\/iframe><div class=\"iframe-loader\">\n<div style=\"\n\t\theight: calc(100% - 28px);\n\t\twidth: calc(100% - 20px);\n\t\tmax-width: 552px;\n\t\tmargin: 10px auto 10px auto;\n\t\tbackground: #fff;\n\t\tborder-radius: 6px;\n\t\tdisplay: flex;\n\t\talign-items: center;\n\t\tjustify-content: center;\n\t\t-webkit-box-shadow: 0 2px 2px 0 rgba(0, 0, 0, 0.14),\n\t\t\t0 3px 1px -2px rgba(0, 0, 0, 0.2),\n\t\t\t0 1px 5px 0 rgba(0, 0, 0, 0.12);\n\t\tbox-shadow: 0 2px 2px 0 rgba(0, 0, 0, 0.14),\n\t\t\t0 3px 1px -2px rgba(0, 0, 0, 0.2),\n\t\t\t0 1px 5px 0 rgba(0, 0, 0, 0.12);\n\t\">\n    <div style=\"\n        pointer-events: none;\n        height: 90px;\n        width: 90px;\n        background-image: url(&quot;data:image\/svg+xml;charset=utf8,%3C?xml version='1.0' encoding='utf-8'?%3E%3C!-- Generator: Adobe Illustrator 24.1.0, SVG Export Plug-In . SVG Version: 6.00 Build 0) --%3E%3Csvg version='1.1' id='Layer_1' xmlns='http:\/\/www.w3.org\/2000\/svg' xmlns:xlink='http:\/\/www.w3.org\/1999\/xlink' x='0px' y='0px' viewBox='0 0 349 348' style='enable-background:new 0 0 349 348;' xml:space='preserve'%3E%3Cstyle type='text\/css'%3E .st0{fill:%2328C77B;} %3C\/style%3E%3Cpath class='st0' d='M25.1,204.57c-13.38,0-24.47-10.6-24.97-24.08C0.04,178.09,0,175.97,0,174C0,77.78,78.28-0.5,174.5-0.5 c13.81,0,25,11.19,25,25s-11.19,25-25,25C105.85,49.5,50,105.35,50,174c0,1.37,0.03,2.85,0.1,4.65c0.51,13.8-10.27,25.39-24.07,25.9 C25.72,204.56,25.41,204.57,25.1,204.57z'\/%3E%3Cpath class='st0' d='M174.5,348.5c-13.81,0-25-11.19-25-25c0-13.81,11.19-25,25-25c68.65,0,124.5-55.85,124.5-124.5 c0-1.38-0.03-2.85-0.1-4.65c-0.51-13.8,10.26-25.4,24.06-25.91c13.83-0.53,25.4,10.26,25.91,24.06c0.09,2.39,0.13,4.51,0.13,6.49 C349,270.22,270.72,348.5,174.5,348.5z'\/%3E%3C\/svg%3E&quot;);\n        animation: spin 0.6s linear infinite;\n        \"><\/div>\n<\/div>\n<\/div><\/div>\t\t<\/div>\n\t\t\t\t<\/div>\n\t\t\t\t\t<\/div>\n\t\t<\/div>\n\t\t\t\t\t\t\t<\/div>\n\t\t<\/section>\n\t\t\t\t\t\t\t<\/div>\n\t\t","protected":false},"excerpt":{"rendered":"<p>\u0644\u0625\u063a\u0627\u062b\u0629 \u0627\u0644\u0645\u062a\u0636\u0631\u0631\u064a\u0646 \u0645\u0646 \u0627\u0644\u0633\u064a\u0648\u0644 \u0641\u064a \u062a\u0647\u0627\u0645\u0629 &#8211; \u0627\u0644\u064a\u0645\u0646 Hilfsaktion f\u00fcr die Opfer der \u00dcberschwemmungen im Jemen \u0641\u064a \u0638\u0644 \u0627\u0644\u0643\u0627\u0631\u062b\u0629 \u0627\u0644\u062a\u064a \u0627\u062c\u062a\u0627\u062d\u062a \u062a\u0647\u0627\u0645\u0629 \u0628\u0627\u0644\u062d\u062f\u064a\u062f\u0629\u060c \u0628\u0633\u0628\u0628 \u0633\u064a\u0648\u0644 \u0627\u0644\u0623\u0645\u0637\u0627\u0631 \u0623\u062f\u062a \u062a\u062e\u0644\u0641 \u0648\u0631\u0627\u0621\u0647\u0627 \u062f\u0645\u0648\u0639\u0627\u064b \u0648\u0622\u0644\u0627\u0645\u0627\u064b. \u0648\u0644\u0643\u0646 \u0628\u0625\u0645\u0643\u0627\u0646\u0646\u0627 \u0623\u0646 \u0646\u0643\u0648\u0646 \u0627\u0644\u0623\u0645\u0644 \u0627\u0644\u0630\u064a \u064a\u0646\u064a\u0631 \u0637\u0631\u064a\u0642\u0647\u0645 \u0645\u0646 \u062c\u062f\u064a\u062f. \u062a\u0628\u0631\u0639\u0643 \u0627\u0644\u064a\u0648\u0645 \u0647\u0648 \u0645\u0641\u062a\u0627\u062d \u0644\u0646\u062c\u0627\u0629 \u0639\u0627\u0626\u0644\u0627\u062a \u0643\u062b\u064a\u0631\u0629\u060c \u0641\u0643\u0644 \u0645\u0633\u0627\u0647\u0645\u0629 \u062a\u0639\u0646\u064a \u0641\u0631\u0642\u0627\u064b \u062d\u0642\u064a\u0642\u064a\u0627\u064b \u0641\u064a \u062d\u064a\u0627\u062a\u0647\u0645. &hellip;<\/p>\n","protected":false},"author":1,"featured_media":16081,"parent":0,"menu_order":0,"comment_status":"closed","ping_status":"closed","template":"elementor_canvas","meta":{"footnotes":""},"class_list":["post-16078","page","type-page","status-publish","has-post-thumbnail","hentry"],"yoast_head":"<!-- This site is optimized with the Yoast SEO plugin v21.5 - https:\/\/yoast.com\/wordpress\/plugins\/seo\/ -->\n<title>Hilfsaktion f\u00fcr die Opfer der Regenfluten im Jemen\u200b - Zusammen f\u00fcr Kinder in Not e.V.<\/title>\n<meta name=\"robots\" content=\"index, follow, max-snippet:-1, max-image-preview:large, max-video-preview:-1\" \/>\n<link rel=\"canonical\" href=\"https:\/\/zkn-verein.de\/hilfsaktion-fuer-die-opfer-der-regenfluten-im-jemen\/\" \/>\n<meta property=\"og:locale\" content=\"ar_AR\" \/>\n<meta property=\"og:type\" content=\"article\" \/>\n<meta property=\"og:title\" content=\"Hilfsaktion f\u00fcr die Opfer der Regenfluten im Jemen\u200b - Zusammen f\u00fcr Kinder in Not e.V.\" \/>\n<meta property=\"og:description\" content=\"\u0644\u0625\u063a\u0627\u062b\u0629 \u0627\u0644\u0645\u062a\u0636\u0631\u0631\u064a\u0646 \u0645\u0646 \u0627\u0644\u0633\u064a\u0648\u0644 \u0641\u064a \u062a\u0647\u0627\u0645\u0629 &#8211; \u0627\u0644\u064a\u0645\u0646 Hilfsaktion f\u00fcr die Opfer der \u00dcberschwemmungen im Jemen \u0641\u064a \u0638\u0644 \u0627\u0644\u0643\u0627\u0631\u062b\u0629 \u0627\u0644\u062a\u064a \u0627\u062c\u062a\u0627\u062d\u062a \u062a\u0647\u0627\u0645\u0629 \u0628\u0627\u0644\u062d\u062f\u064a\u062f\u0629\u060c \u0628\u0633\u0628\u0628 \u0633\u064a\u0648\u0644 \u0627\u0644\u0623\u0645\u0637\u0627\u0631 \u0623\u062f\u062a \u062a\u062e\u0644\u0641 \u0648\u0631\u0627\u0621\u0647\u0627 \u062f\u0645\u0648\u0639\u0627\u064b \u0648\u0622\u0644\u0627\u0645\u0627\u064b. \u0648\u0644\u0643\u0646 \u0628\u0625\u0645\u0643\u0627\u0646\u0646\u0627 \u0623\u0646 \u0646\u0643\u0648\u0646 \u0627\u0644\u0623\u0645\u0644 \u0627\u0644\u0630\u064a \u064a\u0646\u064a\u0631 \u0637\u0631\u064a\u0642\u0647\u0645 \u0645\u0646 \u062c\u062f\u064a\u062f. \u062a\u0628\u0631\u0639\u0643 \u0627\u0644\u064a\u0648\u0645 \u0647\u0648 \u0645\u0641\u062a\u0627\u062d \u0644\u0646\u062c\u0627\u0629 \u0639\u0627\u0626\u0644\u0627\u062a \u0643\u062b\u064a\u0631\u0629\u060c \u0641\u0643\u0644 \u0645\u0633\u0627\u0647\u0645\u0629 \u062a\u0639\u0646\u064a \u0641\u0631\u0642\u0627\u064b \u062d\u0642\u064a\u0642\u064a\u0627\u064b \u0641\u064a \u062d\u064a\u0627\u062a\u0647\u0645. &hellip;\" \/>\n<meta property=\"og:url\" content=\"https:\/\/zkn-verein.de\/hilfsaktion-fuer-die-opfer-der-regenfluten-im-jemen\/\" \/>\n<meta property=\"og:site_name\" content=\"Zusammen f\u00fcr Kinder in Not e.V.\" \/>\n<meta property=\"article:modified_time\" content=\"2024-08-11T11:18:42+00:00\" \/>\n<meta property=\"og:image\" content=\"https:\/\/zkn-verein.de\/wp-content\/uploads\/2024\/08\/\u062d\u0645\u0644\u0629-\u0627\u063a\u0627\u062b\u0629-\u0645\u062a\u0636\u0631\u0631\u064a-\u0633\u064a\u0648\u0644-\u0627\u0644\u0623\u0645\u0637\u0627\u0631-\u0641\u064a-\u0627\u0644\u064a\u0645\u0646-.png\" \/>\n\t<meta property=\"og:image:width\" content=\"2272\" \/>\n\t<meta property=\"og:image:height\" content=\"2846\" \/>\n\t<meta property=\"og:image:type\" content=\"image\/png\" \/>\n<meta name=\"twitter:card\" content=\"summary_large_image\" \/>\n<meta name=\"twitter:label1\" content=\"\u0648\u0642\u062a \u0627\u0644\u0642\u0631\u0627\u0621\u0629 \u0627\u0644\u0645\u064f\u0642\u062f\u0651\u0631\" \/>\n\t<meta name=\"twitter:data1\" content=\"\u062f\u0642\u064a\u0642\u0629 \u0648\u0627\u062d\u062f\u0629\" \/>\n<script type=\"application\/ld+json\" class=\"yoast-schema-graph\">{\"@context\":\"https:\/\/schema.org\",\"@graph\":[{\"@type\":\"WebPage\",\"@id\":\"https:\/\/zkn-verein.de\/hilfsaktion-fuer-die-opfer-der-regenfluten-im-jemen\/\",\"url\":\"https:\/\/zkn-verein.de\/hilfsaktion-fuer-die-opfer-der-regenfluten-im-jemen\/\",\"name\":\"Hilfsaktion f\u00fcr die Opfer der Regenfluten im Jemen\u200b - Zusammen f\u00fcr Kinder in Not e.V.\",\"isPartOf\":{\"@id\":\"https:\/\/zkn-verein.de\/#website\"},\"datePublished\":\"2024-08-09T15:44:07+00:00\",\"dateModified\":\"2024-08-11T11:18:42+00:00\",\"inLanguage\":\"ar\",\"potentialAction\":[{\"@type\":\"ReadAction\",\"target\":[\"https:\/\/zkn-verein.de\/hilfsaktion-fuer-die-opfer-der-regenfluten-im-jemen\/\"]}]},{\"@type\":\"WebSite\",\"@id\":\"https:\/\/zkn-verein.de\/#website\",\"url\":\"https:\/\/zkn-verein.de\/\",\"name\":\"Zusammen f\u00fcr Kinder in Not e.V.\",\"description\":\"Zusammen f\u00fcr Kinder in Not e.V.\u201c, abgek\u00fcrzt: ZKN. Er hat den Sitz in Bonn \u2013 NRW- Deutschlad.  Der Verein setzt sich f\u00fcr bed\u00fcrftige und notleidende Kinder und Menschen weltweit, insbesondere in Entwicklungs- und Schwellenl\u00e4ndern sowie in Kriegs- und Krisengebieten. Der Verein ist konfessionell und politisch neutral. Die F\u00f6rderung ist nicht auf bestimmte L\u00e4nder oder Konfessionen beschr\u00e4nkt.\",\"potentialAction\":[{\"@type\":\"SearchAction\",\"target\":{\"@type\":\"EntryPoint\",\"urlTemplate\":\"https:\/\/zkn-verein.de\/?s={search_term_string}\"},\"query-input\":\"required name=search_term_string\"}],\"inLanguage\":\"ar\"}]}<\/script>\n<!-- \/ Yoast SEO plugin. -->","yoast_head_json":{"title":"Hilfsaktion f\u00fcr die Opfer der Regenfluten im Jemen\u200b - Zusammen f\u00fcr Kinder in Not e.V.","robots":{"index":"index","follow":"follow","max-snippet":"max-snippet:-1","max-image-preview":"max-image-preview:large","max-video-preview":"max-video-preview:-1"},"canonical":"https:\/\/zkn-verein.de\/hilfsaktion-fuer-die-opfer-der-regenfluten-im-jemen\/","og_locale":"ar_AR","og_type":"article","og_title":"Hilfsaktion f\u00fcr die Opfer der Regenfluten im Jemen\u200b - Zusammen f\u00fcr Kinder in Not e.V.","og_description":"\u0644\u0625\u063a\u0627\u062b\u0629 \u0627\u0644\u0645\u062a\u0636\u0631\u0631\u064a\u0646 \u0645\u0646 \u0627\u0644\u0633\u064a\u0648\u0644 \u0641\u064a \u062a\u0647\u0627\u0645\u0629 &#8211; \u0627\u0644\u064a\u0645\u0646 Hilfsaktion f\u00fcr die Opfer der \u00dcberschwemmungen im Jemen \u0641\u064a \u0638\u0644 \u0627\u0644\u0643\u0627\u0631\u062b\u0629 \u0627\u0644\u062a\u064a \u0627\u062c\u062a\u0627\u062d\u062a \u062a\u0647\u0627\u0645\u0629 \u0628\u0627\u0644\u062d\u062f\u064a\u062f\u0629\u060c \u0628\u0633\u0628\u0628 \u0633\u064a\u0648\u0644 \u0627\u0644\u0623\u0645\u0637\u0627\u0631 \u0623\u062f\u062a \u062a\u062e\u0644\u0641 \u0648\u0631\u0627\u0621\u0647\u0627 \u062f\u0645\u0648\u0639\u0627\u064b \u0648\u0622\u0644\u0627\u0645\u0627\u064b. \u0648\u0644\u0643\u0646 \u0628\u0625\u0645\u0643\u0627\u0646\u0646\u0627 \u0623\u0646 \u0646\u0643\u0648\u0646 \u0627\u0644\u0623\u0645\u0644 \u0627\u0644\u0630\u064a \u064a\u0646\u064a\u0631 \u0637\u0631\u064a\u0642\u0647\u0645 \u0645\u0646 \u062c\u062f\u064a\u062f. \u062a\u0628\u0631\u0639\u0643 \u0627\u0644\u064a\u0648\u0645 \u0647\u0648 \u0645\u0641\u062a\u0627\u062d \u0644\u0646\u062c\u0627\u0629 \u0639\u0627\u0626\u0644\u0627\u062a \u0643\u062b\u064a\u0631\u0629\u060c \u0641\u0643\u0644 \u0645\u0633\u0627\u0647\u0645\u0629 \u062a\u0639\u0646\u064a \u0641\u0631\u0642\u0627\u064b \u062d\u0642\u064a\u0642\u064a\u0627\u064b \u0641\u064a \u062d\u064a\u0627\u062a\u0647\u0645. &hellip;","og_url":"https:\/\/zkn-verein.de\/hilfsaktion-fuer-die-opfer-der-regenfluten-im-jemen\/","og_site_name":"Zusammen f\u00fcr Kinder in Not e.V.","article_modified_time":"2024-08-11T11:18:42+00:00","og_image":[{"url":"https:\/\/zkn-verein.de\/wp-content\/uploads\/2024\/08\/\u062d\u0645\u0644\u0629-\u0627\u063a\u0627\u062b\u0629-\u0645\u062a\u0636\u0631\u0631\u064a-\u0633\u064a\u0648\u0644-\u0627\u0644\u0623\u0645\u0637\u0627\u0631-\u0641\u064a-\u0627\u0644\u064a\u0645\u0646-.png","width":2272,"height":2846,"type":"image\/png"}],"twitter_card":"summary_large_image","twitter_misc":{"\u0648\u0642\u062a \u0627\u0644\u0642\u0631\u0627\u0621\u0629 \u0627\u0644\u0645\u064f\u0642\u062f\u0651\u0631":"\u062f\u0642\u064a\u0642\u0629 \u0648\u0627\u062d\u062f\u0629"},"schema":{"@context":"https:\/\/schema.org","@graph":[{"@type":"WebPage","@id":"https:\/\/zkn-verein.de\/hilfsaktion-fuer-die-opfer-der-regenfluten-im-jemen\/","url":"https:\/\/zkn-verein.de\/hilfsaktion-fuer-die-opfer-der-regenfluten-im-jemen\/","name":"Hilfsaktion f\u00fcr die Opfer der Regenfluten im Jemen\u200b - Zusammen f\u00fcr Kinder in Not e.V.","isPartOf":{"@id":"https:\/\/zkn-verein.de\/#website"},"datePublished":"2024-08-09T15:44:07+00:00","dateModified":"2024-08-11T11:18:42+00:00","inLanguage":"ar","potentialAction":[{"@type":"ReadAction","target":["https:\/\/zkn-verein.de\/hilfsaktion-fuer-die-opfer-der-regenfluten-im-jemen\/"]}]},{"@type":"WebSite","@id":"https:\/\/zkn-verein.de\/#website","url":"https:\/\/zkn-verein.de\/","name":"Zusammen f\u00fcr Kinder in Not e.V.","description":"Zusammen f\u00fcr Kinder in Not e.V.\u201c, abgek\u00fcrzt: ZKN. Er hat den Sitz in Bonn \u2013 NRW- Deutschlad.  Der Verein setzt sich f\u00fcr bed\u00fcrftige und notleidende Kinder und Menschen weltweit, insbesondere in Entwicklungs- und Schwellenl\u00e4ndern sowie in Kriegs- und Krisengebieten. Der Verein ist konfessionell und politisch neutral. Die F\u00f6rderung ist nicht auf bestimmte L\u00e4nder oder Konfessionen beschr\u00e4nkt.","potentialAction":[{"@type":"SearchAction","target":{"@type":"EntryPoint","urlTemplate":"https:\/\/zkn-verein.de\/?s={search_term_string}"},"query-input":"required name=search_term_string"}],"inLanguage":"ar"}]}},"_links":{"self":[{"href":"https:\/\/zkn-verein.de\/ar\/wp-json\/wp\/v2\/pages\/16078","targetHints":{"allow":["GET"]}}],"collection":[{"href":"https:\/\/zkn-verein.de\/ar\/wp-json\/wp\/v2\/pages"}],"about":[{"href":"https:\/\/zkn-verein.de\/ar\/wp-json\/wp\/v2\/types\/page"}],"author":[{"embeddable":true,"href":"https:\/\/zkn-verein.de\/ar\/wp-json\/wp\/v2\/users\/1"}],"replies":[{"embeddable":true,"href":"https:\/\/zkn-verein.de\/ar\/wp-json\/wp\/v2\/comments?post=16078"}],"version-history":[{"count":10,"href":"https:\/\/zkn-verein.de\/ar\/wp-json\/wp\/v2\/pages\/16078\/revisions"}],"predecessor-version":[{"id":16143,"href":"https:\/\/zkn-verein.de\/ar\/wp-json\/wp\/v2\/pages\/16078\/revisions\/16143"}],"wp:featuredmedia":[{"embeddable":true,"href":"https:\/\/zkn-verein.de\/ar\/wp-json\/wp\/v2\/media\/16081"}],"wp:attachment":[{"href":"https:\/\/zkn-verein.de\/ar\/wp-json\/wp\/v2\/media?parent=16078"}],"curies":[{"name":"wp","href":"https:\/\/api.w.org\/{rel}","templated":true}]}}